{"id":14666,"date":"2025-04-15T15:01:59","date_gmt":"2025-04-15T13:01:59","guid":{"rendered":"https:\/\/vossgass.no\/produkt\/lokk-til-gjaeringskar-30-l\/"},"modified":"2025-12-18T15:43:22","modified_gmt":"2025-12-18T14:43:22","slug":"lokk-til-gjaeringskar-30-l","status":"publish","type":"product","link":"https:\/\/vossgass.no\/en\/product\/lokk-til-gjaeringskar-30-l\/","title":{"rendered":"Lokk til gj\u00e6ringskar 30 L"},"content":{"rendered":"","protected":false},"excerpt":{"rendered":"<p>Erstattningslokk til gj\u00e6ringsb\u00f8tte med Bryggselv-logo.<\/p>\n<p>Lokket leveres med hull til gj\u00e6rl\u00e5s.<\/p>","protected":false},"featured_media":16107,"comment_status":"open","ping_status":"closed","template":"","meta":[],"product_brand":[],"product_cat":[256,91],"product_tag":[],"class_list":{"0":"post-14666","1":"product","2":"type-product","3":"status-publish","4":"has-post-thumbnail","6":"product_cat-bryggeutstyr-heimabrygg","7":"product_cat-heimabrygg","9":"first","10":"instock","11":"taxable","12":"shipping-taxable","13":"purchasable","14":"product-type-simple"},"_links":{"self":[{"href":"https:\/\/vossgass.no\/en\/wp-json\/wp\/v2\/product\/14666","targetHints":{"allow":["GET"]}}],"collection":[{"href":"https:\/\/vossgass.no\/en\/wp-json\/wp\/v2\/product"}],"about":[{"href":"https:\/\/vossgass.no\/en\/wp-json\/wp\/v2\/types\/product"}],"replies":[{"embeddable":true,"href":"https:\/\/vossgass.no\/en\/wp-json\/wp\/v2\/comments?post=14666"}],"wp:featuredmedia":[{"embeddable":true,"href":"https:\/\/vossgass.no\/en\/wp-json\/wp\/v2\/media\/16107"}],"wp:attachment":[{"href":"https:\/\/vossgass.no\/en\/wp-json\/wp\/v2\/media?parent=14666"}],"wp:term":[{"taxonomy":"product_brand","embeddable":true,"href":"https:\/\/vossgass.no\/en\/wp-json\/wp\/v2\/product_brand?post=14666"},{"taxonomy":"product_cat","embeddable":true,"href":"https:\/\/vossgass.no\/en\/wp-json\/wp\/v2\/product_cat?post=14666"},{"taxonomy":"product_tag","embeddable":true,"href":"https:\/\/vossgass.no\/en\/wp-json\/wp\/v2\/product_tag?post=14666"}],"curies":[{"name":"wp","href":"https:\/\/api.w.org\/{rel}","templated":true}]}}