{"id":14655,"date":"2025-04-15T15:00:12","date_gmt":"2025-04-15T13:00:12","guid":{"rendered":"https:\/\/vossgass.no\/produkt\/solcelle-vegglampe-led-skra-med-sidelys-stal\/"},"modified":"2025-10-21T15:32:54","modified_gmt":"2025-10-21T13:32:54","slug":"solcelle-vegglampe-led-skra-med-sidelys-stal","status":"publish","type":"product","link":"https:\/\/vossgass.no\/en\/product\/solcelle-vegglampe-led-skra-med-sidelys-stal\/","title":{"rendered":"Solcelle Vegglampe Led Skr\u00e5 med sidelys &#8211; st\u00e5l"},"content":{"rendered":"","protected":false},"excerpt":{"rendered":"<p>H\u00f8ykvalitets lampe med integrert solcellepanel og batteri. Batteriet lades p\u00e5 dagtid og en sensor s\u00f8rger for at lampen automatisk skrur seg p\u00e5 n\u00e5r det blir m\u00f8rkt. Lampen vil da lyse i inntil 6-8 timer (dersom batteriet er fulladet). En av\/p\u00e5 knapp lar deg manuelt overstyre den automatiske av\/p\u00e5 funksjonen. <\/p>\n<p>Denne modellen er skr\u00e5 p\u00e5 toppen for lettere \u00e5 absorbere solstr\u00e5lene n\u00e5r sola st\u00e5r lavt p\u00e5 himmelen eller der den blir plassert under tak.<\/p>\n<p>Lysstyrke: 35 lumen<\/p>\n<p>Bredde\t9 cm<br \/>\nDybde\t10 cm<br \/>\nH\u00f8yde\t12 cm<\/p>","protected":false},"featured_media":16096,"comment_status":"open","ping_status":"closed","template":"","meta":[],"product_brand":[],"product_cat":[260,516],"product_tag":[],"class_list":{"0":"post-14655","1":"product","2":"type-product","3":"status-publish","4":"has-post-thumbnail","6":"product_cat-hytte-camping-fritid","7":"product_cat-solenergi-12-v-m-m-hytte-camping-fritid-2","9":"first","10":"instock","11":"taxable","12":"shipping-taxable","13":"purchasable","14":"product-type-simple"},"_links":{"self":[{"href":"https:\/\/vossgass.no\/en\/wp-json\/wp\/v2\/product\/14655","targetHints":{"allow":["GET"]}}],"collection":[{"href":"https:\/\/vossgass.no\/en\/wp-json\/wp\/v2\/product"}],"about":[{"href":"https:\/\/vossgass.no\/en\/wp-json\/wp\/v2\/types\/product"}],"replies":[{"embeddable":true,"href":"https:\/\/vossgass.no\/en\/wp-json\/wp\/v2\/comments?post=14655"}],"wp:featuredmedia":[{"embeddable":true,"href":"https:\/\/vossgass.no\/en\/wp-json\/wp\/v2\/media\/16096"}],"wp:attachment":[{"href":"https:\/\/vossgass.no\/en\/wp-json\/wp\/v2\/media?parent=14655"}],"wp:term":[{"taxonomy":"product_brand","embeddable":true,"href":"https:\/\/vossgass.no\/en\/wp-json\/wp\/v2\/product_brand?post=14655"},{"taxonomy":"product_cat","embeddable":true,"href":"https:\/\/vossgass.no\/en\/wp-json\/wp\/v2\/product_cat?post=14655"},{"taxonomy":"product_tag","embeddable":true,"href":"https:\/\/vossgass.no\/en\/wp-json\/wp\/v2\/product_tag?post=14655"}],"curies":[{"name":"wp","href":"https:\/\/api.w.org\/{rel}","templated":true}]}}