{"id":14635,"date":"2025-04-15T14:56:18","date_gmt":"2025-04-15T12:56:18","guid":{"rendered":"https:\/\/vossgass.no\/produkt\/avlastingsbord-100x40cm-thule\/"},"modified":"2025-10-06T15:20:12","modified_gmt":"2025-10-06T13:20:12","slug":"avlastingsbord-100x40cm-thule","status":"publish","type":"product","link":"https:\/\/vossgass.no\/en\/product\/avlastingsbord-100x40cm-thule\/","title":{"rendered":"Avlastingsbord 100x40cm Thule"},"content":{"rendered":"","protected":false},"excerpt":{"rendered":"<p>Avlastningsbord &#8211; utmerket til \u00e5 bruke p\u00e5 kj\u00f8ret\u00f8yveggen.<br \/>\nMonteres enkelt med POD-beslag, inkludert (sj\u00e5 bilde 2)<\/p>\n<p>M\u00e5l: 100&#215;40 cm<br \/>\nMaks belastning: 34 kg<\/p>","protected":false},"featured_media":16076,"comment_status":"open","ping_status":"closed","template":"","meta":[],"product_brand":[],"product_cat":[630,260],"product_tag":[],"class_list":{"0":"post-14635","1":"product","2":"type-product","3":"status-publish","4":"has-post-thumbnail","6":"product_cat-camping-bobilutsyr","7":"product_cat-hytte-camping-fritid","9":"first","10":"instock","11":"taxable","12":"shipping-taxable","13":"purchasable","14":"product-type-simple"},"_links":{"self":[{"href":"https:\/\/vossgass.no\/en\/wp-json\/wp\/v2\/product\/14635","targetHints":{"allow":["GET"]}}],"collection":[{"href":"https:\/\/vossgass.no\/en\/wp-json\/wp\/v2\/product"}],"about":[{"href":"https:\/\/vossgass.no\/en\/wp-json\/wp\/v2\/types\/product"}],"replies":[{"embeddable":true,"href":"https:\/\/vossgass.no\/en\/wp-json\/wp\/v2\/comments?post=14635"}],"wp:featuredmedia":[{"embeddable":true,"href":"https:\/\/vossgass.no\/en\/wp-json\/wp\/v2\/media\/16076"}],"wp:attachment":[{"href":"https:\/\/vossgass.no\/en\/wp-json\/wp\/v2\/media?parent=14635"}],"wp:term":[{"taxonomy":"product_brand","embeddable":true,"href":"https:\/\/vossgass.no\/en\/wp-json\/wp\/v2\/product_brand?post=14635"},{"taxonomy":"product_cat","embeddable":true,"href":"https:\/\/vossgass.no\/en\/wp-json\/wp\/v2\/product_cat?post=14635"},{"taxonomy":"product_tag","embeddable":true,"href":"https:\/\/vossgass.no\/en\/wp-json\/wp\/v2\/product_tag?post=14635"}],"curies":[{"name":"wp","href":"https:\/\/api.w.org\/{rel}","templated":true}]}}