{"id":14626,"date":"2025-04-15T14:54:33","date_gmt":"2025-04-15T12:54:33","guid":{"rendered":"https:\/\/vossgass.no\/produkt\/e400-mapp-gass-gul-boks\/"},"modified":"2026-04-27T13:29:16","modified_gmt":"2026-04-27T11:29:16","slug":"e400-mapp-gass-gul-boks","status":"publish","type":"product","link":"https:\/\/vossgass.no\/en\/product\/e400-mapp-gass-gul-boks\/","title":{"rendered":"E400 Mapp Gass gul boks"},"content":{"rendered":"","protected":false},"excerpt":{"rendered":"<p>M\u00c5 HENTAST I BUTIKKEN ELLER AVTALE ALTERNATIV L\u00d8YSING f\u00f8r kj\u00f8p. <\/p>\n<p>Gassflaske til proff brennere for h\u00e5ndverker.<br \/>\nFlasken er ikke fyllbar og gir h\u00f8yere effekt en E400 propan.<\/p>\n<p>VIKTIG AT BRENNER ER LAGET FOR H\u00d8YERE EFFEKT<\/p>\n<p>* Inntil 2400\u00baC<br \/>\n* Innhold: MAP<br \/>\n* Mengde: 400g<br \/>\n* Flasketilkobling: 1&#8243; x 20 UNEF<\/p>","protected":false},"featured_media":16067,"comment_status":"open","ping_status":"closed","template":"","meta":[],"product_brand":[],"product_cat":[318,459,603],"product_tag":[],"class_list":{"0":"post-14626","1":"product","2":"type-product","3":"status-publish","4":"has-post-thumbnail","6":"product_cat-gass-og-gassutstyr","7":"product_cat-gassflaskerer-propan","8":"product_cat-nykjop","9":"product_shipping_class-kan-ikke-sendes","11":"first","12":"instock","13":"taxable","14":"shipping-taxable","15":"purchasable","16":"product-type-simple"},"_links":{"self":[{"href":"https:\/\/vossgass.no\/en\/wp-json\/wp\/v2\/product\/14626","targetHints":{"allow":["GET"]}}],"collection":[{"href":"https:\/\/vossgass.no\/en\/wp-json\/wp\/v2\/product"}],"about":[{"href":"https:\/\/vossgass.no\/en\/wp-json\/wp\/v2\/types\/product"}],"replies":[{"embeddable":true,"href":"https:\/\/vossgass.no\/en\/wp-json\/wp\/v2\/comments?post=14626"}],"wp:featuredmedia":[{"embeddable":true,"href":"https:\/\/vossgass.no\/en\/wp-json\/wp\/v2\/media\/16067"}],"wp:attachment":[{"href":"https:\/\/vossgass.no\/en\/wp-json\/wp\/v2\/media?parent=14626"}],"wp:term":[{"taxonomy":"product_brand","embeddable":true,"href":"https:\/\/vossgass.no\/en\/wp-json\/wp\/v2\/product_brand?post=14626"},{"taxonomy":"product_cat","embeddable":true,"href":"https:\/\/vossgass.no\/en\/wp-json\/wp\/v2\/product_cat?post=14626"},{"taxonomy":"product_tag","embeddable":true,"href":"https:\/\/vossgass.no\/en\/wp-json\/wp\/v2\/product_tag?post=14626"}],"curies":[{"name":"wp","href":"https:\/\/api.w.org\/{rel}","templated":true}]}}