{"id":14624,"date":"2025-04-15T14:54:03","date_gmt":"2025-04-15T12:54:03","guid":{"rendered":"https:\/\/vossgass.no\/produkt\/jets-filterpose-striesekker-biotank\/"},"modified":"2026-04-27T09:26:28","modified_gmt":"2026-04-27T07:26:28","slug":"jets-filterpose-striesekker-biotank","status":"publish","type":"product","link":"https:\/\/vossgass.no\/en\/product\/jets-filterpose-striesekker-biotank\/","title":{"rendered":"Jets Filterpose Striesekker Biotank"},"content":{"rendered":"","protected":false},"excerpt":{"rendered":"<p>Filter til Jets\u2122 Biotank<br \/>\nJets\u2122 Filterpose b\u00f8r skiftes minst to ganger \u00e5rlig, eller oftere ved behov.<\/p>\n<p>Ha alltid noen i reserve p\u00e5 hytta, s\u00e5 er de lett tilgjengelige n\u00e5r det er p\u00e5 tide \u00e5 bytte.<\/p>\n<p>* Impregnert<br \/>\n* Nedbrytbar<br \/>\n* Nettovekt: 35gr.<\/p>\n<p>KOMPOSTERING<\/p>\n<p>Biotanken inneholder en kurv og et filter (spesialimpregnert striesekk). Filteret i tanken b\u00f8r byttes minimum to ganger \u00e5rlig, eller ved behov dersom anlegget brukes mye.<\/p>\n<p>Nedbryting skjer mye fortere ved h\u00f8ye temperaturer, og spesielt i solveggen p\u00e5 sommertid. Under slike forhold m\u00e5 man regne med hyppigere bytte av filterpose.<\/p>\n<p>BYTTE AV FILTERPOSE:<\/p>\n<p>Filteret brettes rundt kurven inne i Biotanken. N\u00e5r det er p\u00e5 tide \u00e5 bytte sekk, brettes sekken innover over innholdet, mens den fortsatt er i kurven. L\u00f8ft deretter ut kurven med filter og det hele. Tipp hele innholdet p\u00e5 egnet sted for etterkompostering. Legg en ny sekk i kurven og sett p\u00e5 plass i Biotanken.<\/p>\n<p>TIPS: bytt striesekk ved ankomst &#8211; f\u00f8r toalettet har v\u00e6rt i bruk. Da har innholdet satt seg siden forrige bes\u00f8k.<\/p>","protected":false},"featured_media":16065,"comment_status":"open","ping_status":"closed","template":"","meta":[],"product_brand":[],"product_cat":[260,498],"product_tag":[],"class_list":{"0":"post-14624","1":"product","2":"type-product","3":"status-publish","4":"has-post-thumbnail","6":"product_cat-hytte-camping-fritid","7":"product_cat-toalett-vann-avlop","9":"first","10":"instock","11":"taxable","12":"shipping-taxable","13":"purchasable","14":"product-type-simple"},"_links":{"self":[{"href":"https:\/\/vossgass.no\/en\/wp-json\/wp\/v2\/product\/14624","targetHints":{"allow":["GET"]}}],"collection":[{"href":"https:\/\/vossgass.no\/en\/wp-json\/wp\/v2\/product"}],"about":[{"href":"https:\/\/vossgass.no\/en\/wp-json\/wp\/v2\/types\/product"}],"replies":[{"embeddable":true,"href":"https:\/\/vossgass.no\/en\/wp-json\/wp\/v2\/comments?post=14624"}],"wp:featuredmedia":[{"embeddable":true,"href":"https:\/\/vossgass.no\/en\/wp-json\/wp\/v2\/media\/16065"}],"wp:attachment":[{"href":"https:\/\/vossgass.no\/en\/wp-json\/wp\/v2\/media?parent=14624"}],"wp:term":[{"taxonomy":"product_brand","embeddable":true,"href":"https:\/\/vossgass.no\/en\/wp-json\/wp\/v2\/product_brand?post=14624"},{"taxonomy":"product_cat","embeddable":true,"href":"https:\/\/vossgass.no\/en\/wp-json\/wp\/v2\/product_cat?post=14624"},{"taxonomy":"product_tag","embeddable":true,"href":"https:\/\/vossgass.no\/en\/wp-json\/wp\/v2\/product_tag?post=14624"}],"curies":[{"name":"wp","href":"https:\/\/api.w.org\/{rel}","templated":true}]}}