{"id":14580,"date":"2025-04-15T14:44:56","date_gmt":"2025-04-15T12:44:56","guid":{"rendered":"https:\/\/vossgass.no\/produkt\/jets-frostsikring-4l-kanne\/"},"modified":"2026-02-19T13:14:17","modified_gmt":"2026-02-19T12:14:17","slug":"jets-frostsikring-4l-kanne","status":"publish","type":"product","link":"https:\/\/vossgass.no\/en\/product\/jets-frostsikring-4l-kanne\/","title":{"rendered":"Jets Frostsikring 4L Kanne"},"content":{"rendered":"","protected":false},"excerpt":{"rendered":"<p>Jets frostsikring er en milj\u00f8vennlig, spritbasert frostv\u00e6ske av h\u00f8y kvalitet. <\/p>\n<p>Den er utviklet spesielt for bruk i sm\u00e5 toalettyster og vil ikke skade noen av Jets komponenter.<\/p>","protected":false},"featured_media":16021,"comment_status":"open","ping_status":"closed","template":"","meta":[],"product_brand":[],"product_cat":[260,498],"product_tag":[],"class_list":{"0":"post-14580","1":"product","2":"type-product","3":"status-publish","4":"has-post-thumbnail","6":"product_cat-hytte-camping-fritid","7":"product_cat-toalett-vann-avlop","8":"product_shipping_class-kan-ikke-sendes","10":"first","11":"outofstock","12":"taxable","13":"shipping-taxable","14":"purchasable","15":"product-type-simple"},"_links":{"self":[{"href":"https:\/\/vossgass.no\/en\/wp-json\/wp\/v2\/product\/14580","targetHints":{"allow":["GET"]}}],"collection":[{"href":"https:\/\/vossgass.no\/en\/wp-json\/wp\/v2\/product"}],"about":[{"href":"https:\/\/vossgass.no\/en\/wp-json\/wp\/v2\/types\/product"}],"replies":[{"embeddable":true,"href":"https:\/\/vossgass.no\/en\/wp-json\/wp\/v2\/comments?post=14580"}],"wp:featuredmedia":[{"embeddable":true,"href":"https:\/\/vossgass.no\/en\/wp-json\/wp\/v2\/media\/16021"}],"wp:attachment":[{"href":"https:\/\/vossgass.no\/en\/wp-json\/wp\/v2\/media?parent=14580"}],"wp:term":[{"taxonomy":"product_brand","embeddable":true,"href":"https:\/\/vossgass.no\/en\/wp-json\/wp\/v2\/product_brand?post=14580"},{"taxonomy":"product_cat","embeddable":true,"href":"https:\/\/vossgass.no\/en\/wp-json\/wp\/v2\/product_cat?post=14580"},{"taxonomy":"product_tag","embeddable":true,"href":"https:\/\/vossgass.no\/en\/wp-json\/wp\/v2\/product_tag?post=14580"}],"curies":[{"name":"wp","href":"https:\/\/api.w.org\/{rel}","templated":true}]}}