{"id":14561,"date":"2025-04-15T14:40:50","date_gmt":"2025-04-15T12:40:50","guid":{"rendered":"https:\/\/vossgass.no\/produkt\/smorejern-fo-skismorebrennere\/"},"modified":"2026-02-09T10:32:09","modified_gmt":"2026-02-09T09:32:09","slug":"smorejern-fo-skismorebrennere","status":"publish","type":"product","link":"https:\/\/vossgass.no\/en\/product\/smorejern-fo-skismorebrennere\/","title":{"rendered":"Sm\u00f8rejern fo skism\u00f8rebrennere"},"content":{"rendered":"","protected":false},"excerpt":{"rendered":"<p>Sm\u00f8rejern som passer de fleste brennere.<\/p>","protected":false},"featured_media":16002,"comment_status":"open","ping_status":"closed","template":"","meta":[],"product_brand":[],"product_cat":[318,476],"product_tag":[],"class_list":{"0":"post-14561","1":"product","2":"type-product","3":"status-publish","4":"has-post-thumbnail","6":"product_cat-gass-og-gassutstyr","7":"product_cat-handbrennere","9":"first","10":"outofstock","11":"taxable","12":"shipping-taxable","13":"purchasable","14":"product-type-simple"},"_links":{"self":[{"href":"https:\/\/vossgass.no\/en\/wp-json\/wp\/v2\/product\/14561","targetHints":{"allow":["GET"]}}],"collection":[{"href":"https:\/\/vossgass.no\/en\/wp-json\/wp\/v2\/product"}],"about":[{"href":"https:\/\/vossgass.no\/en\/wp-json\/wp\/v2\/types\/product"}],"replies":[{"embeddable":true,"href":"https:\/\/vossgass.no\/en\/wp-json\/wp\/v2\/comments?post=14561"}],"wp:featuredmedia":[{"embeddable":true,"href":"https:\/\/vossgass.no\/en\/wp-json\/wp\/v2\/media\/16002"}],"wp:attachment":[{"href":"https:\/\/vossgass.no\/en\/wp-json\/wp\/v2\/media?parent=14561"}],"wp:term":[{"taxonomy":"product_brand","embeddable":true,"href":"https:\/\/vossgass.no\/en\/wp-json\/wp\/v2\/product_brand?post=14561"},{"taxonomy":"product_cat","embeddable":true,"href":"https:\/\/vossgass.no\/en\/wp-json\/wp\/v2\/product_cat?post=14561"},{"taxonomy":"product_tag","embeddable":true,"href":"https:\/\/vossgass.no\/en\/wp-json\/wp\/v2\/product_tag?post=14561"}],"curies":[{"name":"wp","href":"https:\/\/api.w.org\/{rel}","templated":true}]}}