{"id":14551,"date":"2025-04-15T14:38:35","date_gmt":"2025-04-15T12:38:35","guid":{"rendered":"https:\/\/vossgass.no\/produkt\/fylling-propan-10-11-kg\/"},"modified":"2026-04-10T15:55:35","modified_gmt":"2026-04-10T13:55:35","slug":"fylling-propan-10-11-kg","status":"publish","type":"product","link":"https:\/\/vossgass.no\/en\/product\/fylling-propan-10-11-kg\/","title":{"rendered":"Fylling PROPAN 10\/11 kg"},"content":{"rendered":"","protected":false},"excerpt":{"rendered":"<p>M\u00c5 HENTAST I V\u00c5R BUTIKK ELLER AVTALE ALTERNATIV L\u00d8YSING f\u00f8r kj\u00f8p. <\/p>\n<p>Pris gjeld b\u00e5de husholdning- og industrikobling<\/p>","protected":false},"featured_media":15992,"comment_status":"open","ping_status":"closed","template":"","meta":[],"product_brand":[],"product_cat":[604,318,459],"product_tag":[],"class_list":{"0":"post-14551","1":"product","2":"type-product","3":"status-publish","4":"has-post-thumbnail","6":"product_cat-bytting","7":"product_cat-gass-og-gassutstyr","8":"product_cat-gassflaskerer-propan","9":"product_shipping_class-kan-ikke-sendes","11":"first","12":"outofstock","13":"taxable","14":"shipping-taxable","15":"purchasable","16":"product-type-simple"},"_links":{"self":[{"href":"https:\/\/vossgass.no\/en\/wp-json\/wp\/v2\/product\/14551","targetHints":{"allow":["GET"]}}],"collection":[{"href":"https:\/\/vossgass.no\/en\/wp-json\/wp\/v2\/product"}],"about":[{"href":"https:\/\/vossgass.no\/en\/wp-json\/wp\/v2\/types\/product"}],"replies":[{"embeddable":true,"href":"https:\/\/vossgass.no\/en\/wp-json\/wp\/v2\/comments?post=14551"}],"wp:featuredmedia":[{"embeddable":true,"href":"https:\/\/vossgass.no\/en\/wp-json\/wp\/v2\/media\/15992"}],"wp:attachment":[{"href":"https:\/\/vossgass.no\/en\/wp-json\/wp\/v2\/media?parent=14551"}],"wp:term":[{"taxonomy":"product_brand","embeddable":true,"href":"https:\/\/vossgass.no\/en\/wp-json\/wp\/v2\/product_brand?post=14551"},{"taxonomy":"product_cat","embeddable":true,"href":"https:\/\/vossgass.no\/en\/wp-json\/wp\/v2\/product_cat?post=14551"},{"taxonomy":"product_tag","embeddable":true,"href":"https:\/\/vossgass.no\/en\/wp-json\/wp\/v2\/product_tag?post=14551"}],"curies":[{"name":"wp","href":"https:\/\/api.w.org\/{rel}","templated":true}]}}