{"id":14550,"date":"2025-04-15T14:38:20","date_gmt":"2025-04-15T12:38:20","guid":{"rendered":"https:\/\/vossgass.no\/produkt\/albee-weld-argon-s11-bytte\/"},"modified":"2026-02-10T13:02:37","modified_gmt":"2026-02-10T12:02:37","slug":"albee-weld-argon-s11-bytte","status":"publish","type":"product","link":"https:\/\/vossgass.no\/en\/product\/albee-weld-argon-s11-bytte\/","title":{"rendered":"Albee Weld Argon S11 Bytte"},"content":{"rendered":"","protected":false},"excerpt":{"rendered":"<p>Hva er fordelene med ALbee Weld Argon?<\/p>\n<p>Ingen leie eller leieavtale som skal forlenges eller forskutteres<br \/>\nInnebygd regulator, som vi tar service p\u00e5<br \/>\nInnholdsm\u00e5ler &#8211; En veldig tydelig m\u00e5ler som gir bra kontroll og viser hvor mye gass som er igjen p\u00e5 flasken.<br \/>\nMed hurtigkobling p\u00e5 slangen kommer du raskt i gang med arbeidet<br \/>\nDen ergonomiske h\u00e5ndtaket gj\u00f8r at du lett kan ta med deg flasken p\u00e5 trange og vanskelige steder<br \/>\n5-eller 11 liters flasker som er lette \u00e5 b\u00e6re<br \/>\nDe er lette og sikre \u00e5 transportere og total vekt p\u00e5 bilen vil bli vesentlig mindre enn med 20-liters flasker<br \/>\nMed ALbee kan du kj\u00f8re lovlig og slippe b\u00f8ter om du havner i en ADR- kontroll. Du m\u00e5 huske \u00e5 koble av slange og stenge ventilen f\u00f8r du transporterer flasken.<\/p>","protected":false},"featured_media":15991,"comment_status":"open","ping_status":"closed","template":"","meta":[],"product_brand":[],"product_cat":[610,263],"product_tag":[],"class_list":{"0":"post-14550","1":"product","2":"type-product","3":"status-publish","4":"has-post-thumbnail","6":"product_cat-argon","7":"product_cat-industrigass","8":"product_shipping_class-kan-ikke-sendes","10":"first","11":"instock","12":"taxable","13":"shipping-taxable","14":"purchasable","15":"product-type-simple"},"_links":{"self":[{"href":"https:\/\/vossgass.no\/en\/wp-json\/wp\/v2\/product\/14550","targetHints":{"allow":["GET"]}}],"collection":[{"href":"https:\/\/vossgass.no\/en\/wp-json\/wp\/v2\/product"}],"about":[{"href":"https:\/\/vossgass.no\/en\/wp-json\/wp\/v2\/types\/product"}],"replies":[{"embeddable":true,"href":"https:\/\/vossgass.no\/en\/wp-json\/wp\/v2\/comments?post=14550"}],"wp:featuredmedia":[{"embeddable":true,"href":"https:\/\/vossgass.no\/en\/wp-json\/wp\/v2\/media\/15991"}],"wp:attachment":[{"href":"https:\/\/vossgass.no\/en\/wp-json\/wp\/v2\/media?parent=14550"}],"wp:term":[{"taxonomy":"product_brand","embeddable":true,"href":"https:\/\/vossgass.no\/en\/wp-json\/wp\/v2\/product_brand?post=14550"},{"taxonomy":"product_cat","embeddable":true,"href":"https:\/\/vossgass.no\/en\/wp-json\/wp\/v2\/product_cat?post=14550"},{"taxonomy":"product_tag","embeddable":true,"href":"https:\/\/vossgass.no\/en\/wp-json\/wp\/v2\/product_tag?post=14550"}],"curies":[{"name":"wp","href":"https:\/\/api.w.org\/{rel}","templated":true}]}}