{"id":14539,"date":"2025-04-15T14:36:05","date_gmt":"2025-04-15T12:36:05","guid":{"rendered":"https:\/\/vossgass.no\/produkt\/12v-ba15s-rundtlysende-2w-3-smd-led-keramisk-varm\/"},"modified":"2025-12-19T18:48:00","modified_gmt":"2025-12-19T17:48:00","slug":"12v-ba15s-rundtlysende-2w-3-smd-led-keramisk-varm","status":"publish","type":"product","link":"https:\/\/vossgass.no\/en\/product\/12v-ba15s-rundtlysende-2w-3-smd-led-keramisk-varm\/","title":{"rendered":"12v BA15s rundtlysende 2w 3 SMD led, keramisk, varm"},"content":{"rendered":"","protected":false},"excerpt":{"rendered":"<p>Led p\u00e6re med keramisk base og SMD led. P\u00e6ren har et moderne design og gir en myk og fin farge. Meget fin lysspredning. P\u00e6ren er sv\u00e6rt aktuell i b\u00e5ter, der BA15s sokkelen er sv\u00e6rt mye brukt.<\/p>\n<p>Forskjellen mellom BA15s og BA15d<br \/>\nBA15s har bare ett kontaktpunkt p\u00e5 spissen der den f\u00e5r str\u00f8m, det andre kontaktpunktet er selve &laquo;kappen&raquo;.<br \/>\nBA15d har to kontaktpunkter p\u00e5 spissen.<\/p>\n<p>Bildet nr 2 viser BA15s og BA15d sett fra undersiden.<\/p>\n<p>Robust kretskort design<br \/>\nDenne led p\u00e6ren er utstyrt med elektronikk som gj\u00f8r at den t\u00e5ler et st\u00f8rre spenningsomr\u00e5de enn mange andre Led p\u00e6rer, noe som er viktig s\u00e6rlig i solcelleanlegg. P\u00e6ren er dessuten polaritetsuavhengig, slik at du slipper \u00e5 passe p\u00e5 \u00e5 kople + og &#8211; riktig. P\u00e6ren kan kun brukes p\u00e5 b\u00e5de 12V DC og 24V DC (ikke AC vekselstr\u00f8m).<\/p>\n<p>Sokkel: BA15sBA15s keramisk med lys<br \/>\nAntall led: 3 stk<br \/>\nType led: SMD<br \/>\nLumen: 160lm<br \/>\nLysspredning\/vinkel: full<br \/>\nLed effekt: ca 2W<br \/>\nDiameter: ca 19,7 mm<br \/>\nH\u00f8yde: ca 55 mm (inkl. sokkel)<br \/>\nLysfarge: varmhvit<br \/>\nLysfargetemperatur: 2700-3000K<br \/>\nIdeelt spenningsomr\u00e5de: 8V &#8211; 30Volt<br \/>\nSv\u00e6rt lang levetid.<br \/>\nKan ikke dimmes<br \/>\nKan brukes p\u00e5 b\u00e5de 12V DC og 24V DC<br \/>\nPolaritetsuavhengig (uavhengig av + og &#8211; kopling)<br \/>\nUtvikler sv\u00e6rt lite varme<br \/>\nMilj\u00f8vennlig, uten kvikks\u00f8lv som i andre sparep\u00e6rer.<\/p>","protected":false},"featured_media":15980,"comment_status":"open","ping_status":"closed","template":"","meta":[],"product_brand":[],"product_cat":[260,516],"product_tag":[],"class_list":{"0":"post-14539","1":"product","2":"type-product","3":"status-publish","4":"has-post-thumbnail","6":"product_cat-hytte-camping-fritid","7":"product_cat-solenergi-12-v-m-m-hytte-camping-fritid-2","9":"first","10":"instock","11":"taxable","12":"shipping-taxable","13":"purchasable","14":"product-type-simple"},"_links":{"self":[{"href":"https:\/\/vossgass.no\/en\/wp-json\/wp\/v2\/product\/14539","targetHints":{"allow":["GET"]}}],"collection":[{"href":"https:\/\/vossgass.no\/en\/wp-json\/wp\/v2\/product"}],"about":[{"href":"https:\/\/vossgass.no\/en\/wp-json\/wp\/v2\/types\/product"}],"replies":[{"embeddable":true,"href":"https:\/\/vossgass.no\/en\/wp-json\/wp\/v2\/comments?post=14539"}],"wp:featuredmedia":[{"embeddable":true,"href":"https:\/\/vossgass.no\/en\/wp-json\/wp\/v2\/media\/15980"}],"wp:attachment":[{"href":"https:\/\/vossgass.no\/en\/wp-json\/wp\/v2\/media?parent=14539"}],"wp:term":[{"taxonomy":"product_brand","embeddable":true,"href":"https:\/\/vossgass.no\/en\/wp-json\/wp\/v2\/product_brand?post=14539"},{"taxonomy":"product_cat","embeddable":true,"href":"https:\/\/vossgass.no\/en\/wp-json\/wp\/v2\/product_cat?post=14539"},{"taxonomy":"product_tag","embeddable":true,"href":"https:\/\/vossgass.no\/en\/wp-json\/wp\/v2\/product_tag?post=14539"}],"curies":[{"name":"wp","href":"https:\/\/api.w.org\/{rel}","templated":true}]}}