{"id":14521,"date":"2025-04-15T14:32:30","date_gmt":"2025-04-15T12:32:30","guid":{"rendered":"https:\/\/vossgass.no\/produkt\/sperredioder-2stk\/"},"modified":"2025-10-09T11:22:31","modified_gmt":"2025-10-09T09:22:31","slug":"sperredioder-2stk","status":"publish","type":"product","link":"https:\/\/vossgass.no\/en\/product\/sperredioder-2stk\/","title":{"rendered":"Sperredioder (2stk)"},"content":{"rendered":"","protected":false},"excerpt":{"rendered":"<p>Sperredioder 2 stk<\/p>\n<p>Ved bruk av to solcellepaneler m\u00e5 man koble p\u00e5 en sperrediode p\u00e5 hvert panel.<\/p>\n<p>Beskrivelse<br \/>\nVed parallellkobling av to eller flere solcellepaneler til \u00e9n regulator b\u00f8r det monteres en sperrediode p\u00e5 hvert panel, for optimal utnyttelse av energien fra panelene.<\/p>\n<p>Sperrediodene monteres mellom hvert panel og regulator\/sammenkoblingspunkt \u2013 f.eks. inne i panelboksen eller i tilknytning til regulatoren.<\/p>\n<p>Str\u00f8mtap = 0,1mA<br \/>\nT\u00e5ler 10A, 100V<\/p>\n<p>R\u00f8d = kobles til panelt pluss<br \/>\nGul = til regulators pluss<br \/>\n(dette betyr at str\u00f8mmen g\u00e5r i retning fra r\u00f8r til gul)<br \/>\nR\u00f8d er anode, gul er katode.<\/p>\n<p>PS: man m\u00e5 ha en sperrediode for hvert panel derfor leveres de i pakker a 2 stk.<\/p>","protected":false},"featured_media":15962,"comment_status":"open","ping_status":"closed","template":"","meta":[],"product_brand":[],"product_cat":[260,516],"product_tag":[],"class_list":{"0":"post-14521","1":"product","2":"type-product","3":"status-publish","4":"has-post-thumbnail","6":"product_cat-hytte-camping-fritid","7":"product_cat-solenergi-12-v-m-m-hytte-camping-fritid-2","9":"first","10":"instock","11":"taxable","12":"shipping-taxable","13":"purchasable","14":"product-type-simple"},"_links":{"self":[{"href":"https:\/\/vossgass.no\/en\/wp-json\/wp\/v2\/product\/14521","targetHints":{"allow":["GET"]}}],"collection":[{"href":"https:\/\/vossgass.no\/en\/wp-json\/wp\/v2\/product"}],"about":[{"href":"https:\/\/vossgass.no\/en\/wp-json\/wp\/v2\/types\/product"}],"replies":[{"embeddable":true,"href":"https:\/\/vossgass.no\/en\/wp-json\/wp\/v2\/comments?post=14521"}],"wp:featuredmedia":[{"embeddable":true,"href":"https:\/\/vossgass.no\/en\/wp-json\/wp\/v2\/media\/15962"}],"wp:attachment":[{"href":"https:\/\/vossgass.no\/en\/wp-json\/wp\/v2\/media?parent=14521"}],"wp:term":[{"taxonomy":"product_brand","embeddable":true,"href":"https:\/\/vossgass.no\/en\/wp-json\/wp\/v2\/product_brand?post=14521"},{"taxonomy":"product_cat","embeddable":true,"href":"https:\/\/vossgass.no\/en\/wp-json\/wp\/v2\/product_cat?post=14521"},{"taxonomy":"product_tag","embeddable":true,"href":"https:\/\/vossgass.no\/en\/wp-json\/wp\/v2\/product_tag?post=14521"}],"curies":[{"name":"wp","href":"https:\/\/api.w.org\/{rel}","templated":true}]}}