{"id":14516,"date":"2025-04-15T14:31:30","date_gmt":"2025-04-15T12:31:30","guid":{"rendered":"https:\/\/vossgass.no\/produkt\/led-paere-e27-3w-12v\/"},"modified":"2025-09-23T10:34:44","modified_gmt":"2025-09-23T08:34:44","slug":"led-paere-e27-3w-12v","status":"publish","type":"product","link":"https:\/\/vossgass.no\/en\/product\/led-paere-e27-3w-12v\/","title":{"rendered":"LED p\u00e6re &#8211; E27, 3w 12v"},"content":{"rendered":"","protected":false},"excerpt":{"rendered":"<p>P\u00e6retype: LED lysp\u00e6re.<\/p>\n<p>Sokkel: E27<\/p>\n<p>Antall dioder: 6 SMD<\/p>\n<p>Effekt: 3 watt<\/p>\n<p>Kelvin: 2700<\/p>\n<p>Lumen: 180 lm<\/p>\n<p>Diameter reflektor: 50 mm<\/p>\n<p>TEKNISKE FORDELER LED:<\/p>\n<p>H\u00f8y effektivitet<br \/>\nEkstremt lang levetid, opptil 100 000 timer<br \/>\nMeget robust mot st\u00f8t og rystelser<br \/>\nIngen UV- eller IR str\u00e5ling<br \/>\nLavt str\u00f8mforbruk og varmeutvikling<br \/>\nAlle Sunwinds LED-p\u00e6rer leveres med varmhvitt lys<\/p>\n<p>Effekt: 3 watt<br \/>\nSokkel: E27<br \/>\nKelvin: 2700<br \/>\nLumen: 180<br \/>\nP\u00e6retype: LED<br \/>\nSpenning nominell: 12 volt<br \/>\nH\u00f8yde (cm): 9,3<br \/>\nDiameter \u00d8 (cm): 5,5<\/p>","protected":false},"featured_media":15957,"comment_status":"open","ping_status":"closed","template":"","meta":[],"product_brand":[],"product_cat":[260,516],"product_tag":[],"class_list":{"0":"post-14516","1":"product","2":"type-product","3":"status-publish","4":"has-post-thumbnail","6":"product_cat-hytte-camping-fritid","7":"product_cat-solenergi-12-v-m-m-hytte-camping-fritid-2","9":"first","10":"instock","11":"taxable","12":"shipping-taxable","13":"purchasable","14":"product-type-simple"},"_links":{"self":[{"href":"https:\/\/vossgass.no\/en\/wp-json\/wp\/v2\/product\/14516","targetHints":{"allow":["GET"]}}],"collection":[{"href":"https:\/\/vossgass.no\/en\/wp-json\/wp\/v2\/product"}],"about":[{"href":"https:\/\/vossgass.no\/en\/wp-json\/wp\/v2\/types\/product"}],"replies":[{"embeddable":true,"href":"https:\/\/vossgass.no\/en\/wp-json\/wp\/v2\/comments?post=14516"}],"wp:featuredmedia":[{"embeddable":true,"href":"https:\/\/vossgass.no\/en\/wp-json\/wp\/v2\/media\/15957"}],"wp:attachment":[{"href":"https:\/\/vossgass.no\/en\/wp-json\/wp\/v2\/media?parent=14516"}],"wp:term":[{"taxonomy":"product_brand","embeddable":true,"href":"https:\/\/vossgass.no\/en\/wp-json\/wp\/v2\/product_brand?post=14516"},{"taxonomy":"product_cat","embeddable":true,"href":"https:\/\/vossgass.no\/en\/wp-json\/wp\/v2\/product_cat?post=14516"},{"taxonomy":"product_tag","embeddable":true,"href":"https:\/\/vossgass.no\/en\/wp-json\/wp\/v2\/product_tag?post=14516"}],"curies":[{"name":"wp","href":"https:\/\/api.w.org\/{rel}","templated":true}]}}