{"id":14505,"date":"2025-04-15T14:29:21","date_gmt":"2025-04-15T12:29:21","guid":{"rendered":"https:\/\/vossgass.no\/produkt\/solcellepanel-fleksibelt-mono-20w\/"},"modified":"2025-10-09T11:59:20","modified_gmt":"2025-10-09T09:59:20","slug":"solcellepanel-fleksibelt-mono-20w","status":"publish","type":"product","link":"https:\/\/vossgass.no\/en\/product\/solcellepanel-fleksibelt-mono-20w\/","title":{"rendered":"Solcellepanel Fleksibelt Mono 20W"},"content":{"rendered":"","protected":false},"excerpt":{"rendered":"<p>SKANBATT Fleksibelt Solcellepanel Mono 20W<\/p>\n<p>Modell: BL-FSP20W<\/p>\n<p>Kvalitet er ekstremt viktig n\u00e5r det kommer til fleksible solcellepaneler da disse ofte monteres p\u00e5 b\u00e5ter under r\u00f8ffe forhold.<br \/>\nDet er viktig at kvaliteten er 100% hele veien slik at man sikrer god effekt og lang levetid p\u00e5 panelene<br \/>\nFSP20W er et lite men effektivt solcellepanel som er enkelt \u00e5 plassere<\/p>\n<p>Tekniske data:<br \/>\nDimensjon: 415x285x3mm<br \/>\nVekt: 0,6kg<br \/>\nEffekt toleranse: 0-3%<br \/>\nMaks effekt: 20W<br \/>\nNominell spenning: 19,8V<br \/>\nLadestr\u00f8m: 0,97A<br \/>\n\u00c5pen kortslutningsspenning: 23,4V<\/p>\n<p>Maks systemspenning: 45V<\/p>","protected":false},"featured_media":15946,"comment_status":"open","ping_status":"closed","template":"","meta":[],"product_brand":[],"product_cat":[260,516],"product_tag":[],"class_list":{"0":"post-14505","1":"product","2":"type-product","3":"status-publish","4":"has-post-thumbnail","6":"product_cat-hytte-camping-fritid","7":"product_cat-solenergi-12-v-m-m-hytte-camping-fritid-2","9":"first","10":"instock","11":"taxable","12":"shipping-taxable","13":"purchasable","14":"product-type-simple"},"_links":{"self":[{"href":"https:\/\/vossgass.no\/en\/wp-json\/wp\/v2\/product\/14505","targetHints":{"allow":["GET"]}}],"collection":[{"href":"https:\/\/vossgass.no\/en\/wp-json\/wp\/v2\/product"}],"about":[{"href":"https:\/\/vossgass.no\/en\/wp-json\/wp\/v2\/types\/product"}],"replies":[{"embeddable":true,"href":"https:\/\/vossgass.no\/en\/wp-json\/wp\/v2\/comments?post=14505"}],"wp:featuredmedia":[{"embeddable":true,"href":"https:\/\/vossgass.no\/en\/wp-json\/wp\/v2\/media\/15946"}],"wp:attachment":[{"href":"https:\/\/vossgass.no\/en\/wp-json\/wp\/v2\/media?parent=14505"}],"wp:term":[{"taxonomy":"product_brand","embeddable":true,"href":"https:\/\/vossgass.no\/en\/wp-json\/wp\/v2\/product_brand?post=14505"},{"taxonomy":"product_cat","embeddable":true,"href":"https:\/\/vossgass.no\/en\/wp-json\/wp\/v2\/product_cat?post=14505"},{"taxonomy":"product_tag","embeddable":true,"href":"https:\/\/vossgass.no\/en\/wp-json\/wp\/v2\/product_tag?post=14505"}],"curies":[{"name":"wp","href":"https:\/\/api.w.org\/{rel}","templated":true}]}}