{"id":14499,"date":"2025-04-15T14:28:06","date_gmt":"2025-04-15T12:28:06","guid":{"rendered":"https:\/\/vossgass.no\/produkt\/vegglampe-stal-led-12v\/"},"modified":"2025-10-09T11:42:36","modified_gmt":"2025-10-09T09:42:36","slug":"vegglampe-stal-led-12v","status":"publish","type":"product","link":"https:\/\/vossgass.no\/en\/product\/vegglampe-stal-led-12v\/","title":{"rendered":"Vegglampe, st\u00e5l LED 12V"},"content":{"rendered":"","protected":false},"excerpt":{"rendered":"<p>Flott lampe i st\u00e5l beregnet for hytter med 12V solstr\u00f8manlegg.<br \/>\nLED p\u00e6re p\u00e5 3,6W SMD (GU10) gir et klart og godt lys i forhold det lave str\u00f8mforbruket som denne teknologien gir.<\/p>","protected":false},"featured_media":15940,"comment_status":"open","ping_status":"closed","template":"","meta":[],"product_brand":[],"product_cat":[260,516],"product_tag":[],"class_list":{"0":"post-14499","1":"product","2":"type-product","3":"status-publish","4":"has-post-thumbnail","6":"product_cat-hytte-camping-fritid","7":"product_cat-solenergi-12-v-m-m-hytte-camping-fritid-2","9":"first","10":"outofstock","11":"taxable","12":"shipping-taxable","13":"purchasable","14":"product-type-simple"},"_links":{"self":[{"href":"https:\/\/vossgass.no\/en\/wp-json\/wp\/v2\/product\/14499","targetHints":{"allow":["GET"]}}],"collection":[{"href":"https:\/\/vossgass.no\/en\/wp-json\/wp\/v2\/product"}],"about":[{"href":"https:\/\/vossgass.no\/en\/wp-json\/wp\/v2\/types\/product"}],"replies":[{"embeddable":true,"href":"https:\/\/vossgass.no\/en\/wp-json\/wp\/v2\/comments?post=14499"}],"wp:featuredmedia":[{"embeddable":true,"href":"https:\/\/vossgass.no\/en\/wp-json\/wp\/v2\/media\/15940"}],"wp:attachment":[{"href":"https:\/\/vossgass.no\/en\/wp-json\/wp\/v2\/media?parent=14499"}],"wp:term":[{"taxonomy":"product_brand","embeddable":true,"href":"https:\/\/vossgass.no\/en\/wp-json\/wp\/v2\/product_brand?post=14499"},{"taxonomy":"product_cat","embeddable":true,"href":"https:\/\/vossgass.no\/en\/wp-json\/wp\/v2\/product_cat?post=14499"},{"taxonomy":"product_tag","embeddable":true,"href":"https:\/\/vossgass.no\/en\/wp-json\/wp\/v2\/product_tag?post=14499"}],"curies":[{"name":"wp","href":"https:\/\/api.w.org\/{rel}","templated":true}]}}