{"id":14486,"date":"2025-04-15T14:25:31","date_gmt":"2025-04-15T12:25:31","guid":{"rendered":"https:\/\/vossgass.no\/produkt\/oppladbar-radio-dab-dab-fm\/"},"modified":"2025-12-18T15:26:42","modified_gmt":"2025-12-18T14:26:42","slug":"oppladbar-radio-dab-dab-fm","status":"publish","type":"product","link":"https:\/\/vossgass.no\/en\/product\/oppladbar-radio-dab-dab-fm\/","title":{"rendered":"Oppladbar Radio DAB\/DAB+\/FM"},"content":{"rendered":"","protected":false},"excerpt":{"rendered":"<p>Liten og lett oppladbar radio med god lyd &#8211; perfekt p\u00e5 hytta. Radioen er ogs\u00e5 egnet for \u00e5 ha med p\u00e5 tur, i b\u00e5ten eller bobilen.<\/p>\n<p>DAB\/DAB+\/FM<br \/>\nLettlest LCD-display<br \/>\nAlarmfunksjon<br \/>\nLett tilgjengelige forh\u00e5ndsprogrammerte stasjoner<br \/>\nGod lydkvalitet<br \/>\nMed DAB, DAB+ og FM-signaler som mulighet, i tillegg til en praktisk alarmfunksjon, er denne radioen ypperlig egnet p\u00e5 hytter uten str\u00f8m.<\/p>\n<p>Radioen er liten og har sv\u00e6rt lav vekt p\u00e5 kun 0,3 kg, og er derfor godt egnet til \u00e5 ha med p\u00e5 turen, i caravanen eller b\u00e5ten.<br \/>\nInntil 15 timers virketid n\u00e5r batteriet er fulladet.<\/p>\n<p>Radioen har et innebygget litiumbatteri, lades med micro-USB. DAB-teleskop antenne.<\/p>","protected":false},"featured_media":15927,"comment_status":"open","ping_status":"closed","template":"","meta":[],"product_brand":[],"product_cat":[630,260],"product_tag":[],"class_list":{"0":"post-14486","1":"product","2":"type-product","3":"status-publish","4":"has-post-thumbnail","6":"product_cat-camping-bobilutsyr","7":"product_cat-hytte-camping-fritid","9":"first","10":"instock","11":"taxable","12":"shipping-taxable","13":"purchasable","14":"product-type-simple"},"_links":{"self":[{"href":"https:\/\/vossgass.no\/en\/wp-json\/wp\/v2\/product\/14486","targetHints":{"allow":["GET"]}}],"collection":[{"href":"https:\/\/vossgass.no\/en\/wp-json\/wp\/v2\/product"}],"about":[{"href":"https:\/\/vossgass.no\/en\/wp-json\/wp\/v2\/types\/product"}],"replies":[{"embeddable":true,"href":"https:\/\/vossgass.no\/en\/wp-json\/wp\/v2\/comments?post=14486"}],"wp:featuredmedia":[{"embeddable":true,"href":"https:\/\/vossgass.no\/en\/wp-json\/wp\/v2\/media\/15927"}],"wp:attachment":[{"href":"https:\/\/vossgass.no\/en\/wp-json\/wp\/v2\/media?parent=14486"}],"wp:term":[{"taxonomy":"product_brand","embeddable":true,"href":"https:\/\/vossgass.no\/en\/wp-json\/wp\/v2\/product_brand?post=14486"},{"taxonomy":"product_cat","embeddable":true,"href":"https:\/\/vossgass.no\/en\/wp-json\/wp\/v2\/product_cat?post=14486"},{"taxonomy":"product_tag","embeddable":true,"href":"https:\/\/vossgass.no\/en\/wp-json\/wp\/v2\/product_tag?post=14486"}],"curies":[{"name":"wp","href":"https:\/\/api.w.org\/{rel}","templated":true}]}}