{"id":14481,"date":"2025-04-15T14:24:23","date_gmt":"2025-04-15T12:24:23","guid":{"rendered":"https:\/\/vossgass.no\/produkt\/glodepaere-2-pk-e14-15-watt\/"},"modified":"2025-10-09T10:31:49","modified_gmt":"2025-10-09T08:31:49","slug":"glodepaere-2-pk-e14-15-watt","status":"publish","type":"product","link":"https:\/\/vossgass.no\/en\/product\/glodepaere-2-pk-e14-15-watt\/","title":{"rendered":"Gl\u00f8dep\u00e6re &#8211; 2 pk, E14, 15 watt"},"content":{"rendered":"","protected":false},"excerpt":{"rendered":"<p>Liten p\u00e6re. Passer til Chef Pro og Elegance gasskomfyr.<\/p>\n<p>Effekt: 15 watt<br \/>\nSokkel: E14<br \/>\nP\u00e6retype: Gl\u00f8dep\u00e6re<br \/>\nSpenning nominell: 12 volt<br \/>\nH\u00f8yde (cm): 5<br \/>\nDiameter \u00d8 (cm): 2<br \/>\nLengde (cm): 5<\/p>","protected":false},"featured_media":15922,"comment_status":"open","ping_status":"closed","template":"","meta":[],"product_brand":[],"product_cat":[260,516],"product_tag":[],"class_list":{"0":"post-14481","1":"product","2":"type-product","3":"status-publish","4":"has-post-thumbnail","6":"product_cat-hytte-camping-fritid","7":"product_cat-solenergi-12-v-m-m-hytte-camping-fritid-2","9":"first","10":"outofstock","11":"taxable","12":"shipping-taxable","13":"purchasable","14":"product-type-simple"},"_links":{"self":[{"href":"https:\/\/vossgass.no\/en\/wp-json\/wp\/v2\/product\/14481","targetHints":{"allow":["GET"]}}],"collection":[{"href":"https:\/\/vossgass.no\/en\/wp-json\/wp\/v2\/product"}],"about":[{"href":"https:\/\/vossgass.no\/en\/wp-json\/wp\/v2\/types\/product"}],"replies":[{"embeddable":true,"href":"https:\/\/vossgass.no\/en\/wp-json\/wp\/v2\/comments?post=14481"}],"wp:featuredmedia":[{"embeddable":true,"href":"https:\/\/vossgass.no\/en\/wp-json\/wp\/v2\/media\/15922"}],"wp:attachment":[{"href":"https:\/\/vossgass.no\/en\/wp-json\/wp\/v2\/media?parent=14481"}],"wp:term":[{"taxonomy":"product_brand","embeddable":true,"href":"https:\/\/vossgass.no\/en\/wp-json\/wp\/v2\/product_brand?post=14481"},{"taxonomy":"product_cat","embeddable":true,"href":"https:\/\/vossgass.no\/en\/wp-json\/wp\/v2\/product_cat?post=14481"},{"taxonomy":"product_tag","embeddable":true,"href":"https:\/\/vossgass.no\/en\/wp-json\/wp\/v2\/product_tag?post=14481"}],"curies":[{"name":"wp","href":"https:\/\/api.w.org\/{rel}","templated":true}]}}