{"id":14468,"date":"2025-04-15T14:21:40","date_gmt":"2025-04-15T12:21:40","guid":{"rendered":"https:\/\/vossgass.no\/produkt\/taklampe-saturn-led\/"},"modified":"2025-10-22T11:41:03","modified_gmt":"2025-10-22T09:41:03","slug":"taklampe-saturn-led","status":"publish","type":"product","link":"https:\/\/vossgass.no\/en\/product\/taklampe-saturn-led\/","title":{"rendered":"Taklampe Saturn LED"},"content":{"rendered":"","protected":false},"excerpt":{"rendered":"<p>Taklampe med LED i krom-utf\u00f8relse.<\/p>\n<p>Beskrivelse<br \/>\nTaklampe med integrert  LED  lys p\u00e5 3,5 watt i krom-utf\u00f8relse for 12V systemer. Lampen egner seg godt som belysning p\u00e5 et soverom eller i en gang. Kun for innend\u00f8rs bruk.<\/p>\n<p>M\u00e5l: \u00d8170 mm<\/p>\n<p>Tekniske fordeler LED<\/p>\n<p>H\u00f8y effektivitet<br \/>\nEkstremt lang levetid<br \/>\nMeget robust mot st\u00f8t og rystelser<br \/>\nIngen UV- eller IR str\u00e5ling<br \/>\nLavt str\u00f8mforbruk og varmeutvikling<br \/>\nAlle Sunwinds LED-p\u00e6rer leveres med varmhvitt lys<\/p>\n<p>Tekniske data:<br \/>\nDiameter \u00d8 (cm): 17<br \/>\nVekt (kg): 0,11<br \/>\nFarge:Krom<br \/>\nP\u00e6re innkludert: Ja<br \/>\nEffekt: 3.5 watt<br \/>\nLumen: 177<br \/>\nMateriale: Plast<br \/>\nP\u00e6retype: LED<br \/>\nUtbyttbar p\u00e6re: Nei<br \/>\nUSB-uttak: Nei<br \/>\nSpenning nominell: 12 volt<\/p>","protected":false},"featured_media":18455,"comment_status":"open","ping_status":"closed","template":"","meta":[],"product_brand":[],"product_cat":[260,516],"product_tag":[],"class_list":{"0":"post-14468","1":"product","2":"type-product","3":"status-publish","4":"has-post-thumbnail","6":"product_cat-hytte-camping-fritid","7":"product_cat-solenergi-12-v-m-m-hytte-camping-fritid-2","9":"first","10":"instock","11":"taxable","12":"shipping-taxable","13":"purchasable","14":"product-type-simple"},"_links":{"self":[{"href":"https:\/\/vossgass.no\/en\/wp-json\/wp\/v2\/product\/14468","targetHints":{"allow":["GET"]}}],"collection":[{"href":"https:\/\/vossgass.no\/en\/wp-json\/wp\/v2\/product"}],"about":[{"href":"https:\/\/vossgass.no\/en\/wp-json\/wp\/v2\/types\/product"}],"replies":[{"embeddable":true,"href":"https:\/\/vossgass.no\/en\/wp-json\/wp\/v2\/comments?post=14468"}],"wp:featuredmedia":[{"embeddable":true,"href":"https:\/\/vossgass.no\/en\/wp-json\/wp\/v2\/media\/18455"}],"wp:attachment":[{"href":"https:\/\/vossgass.no\/en\/wp-json\/wp\/v2\/media?parent=14468"}],"wp:term":[{"taxonomy":"product_brand","embeddable":true,"href":"https:\/\/vossgass.no\/en\/wp-json\/wp\/v2\/product_brand?post=14468"},{"taxonomy":"product_cat","embeddable":true,"href":"https:\/\/vossgass.no\/en\/wp-json\/wp\/v2\/product_cat?post=14468"},{"taxonomy":"product_tag","embeddable":true,"href":"https:\/\/vossgass.no\/en\/wp-json\/wp\/v2\/product_tag?post=14468"}],"curies":[{"name":"wp","href":"https:\/\/api.w.org\/{rel}","templated":true}]}}