{"id":14464,"date":"2025-04-15T14:20:48","date_gmt":"2025-04-15T12:20:48","guid":{"rendered":"https:\/\/vossgass.no\/produkt\/led-paere-e27-5-watt-12v\/"},"modified":"2025-12-19T18:48:23","modified_gmt":"2025-12-19T17:48:23","slug":"led-paere-e27-5-watt-12v","status":"publish","type":"product","link":"https:\/\/vossgass.no\/en\/product\/led-paere-e27-5-watt-12v\/","title":{"rendered":"LED p\u00e6re &#8211; E27, 5 watt, 12v"},"content":{"rendered":"","protected":false},"excerpt":{"rendered":"<p>P\u00e6retype: LED lysp\u00e6re.<\/p>\n<p>Sokkel: E27<\/p>\n<p>Antall dioder: 9 SMD<\/p>\n<p>Effekt: 5 watt<\/p>\n<p>Kelvin: 2700<\/p>\n<p>Lumen: 300 lm<\/p>\n<p>Diameter reflektor: 50 mm<\/p>\n<p>TEKNISKE FORDELER LED:<\/p>\n<p>* H\u00f8y effektivitet<br \/>\n* Ekstremt lang levetid, opptil 100 000 timer<br \/>\n* Meget robust mot st\u00f8t og rystelser<br \/>\n* Ingen UV- eller IR str\u00e5ling<br \/>\n* Lavt str\u00f8mforbruk og varmeutvikling<br \/>\n* Alle Sunwinds LED-p\u00e6rer leveres med varmhvitt lys<\/p>","protected":false},"featured_media":15905,"comment_status":"open","ping_status":"closed","template":"","meta":[],"product_brand":[],"product_cat":[260,516],"product_tag":[],"class_list":{"0":"post-14464","1":"product","2":"type-product","3":"status-publish","4":"has-post-thumbnail","6":"product_cat-hytte-camping-fritid","7":"product_cat-solenergi-12-v-m-m-hytte-camping-fritid-2","9":"first","10":"instock","11":"taxable","12":"shipping-taxable","13":"purchasable","14":"product-type-simple"},"_links":{"self":[{"href":"https:\/\/vossgass.no\/en\/wp-json\/wp\/v2\/product\/14464","targetHints":{"allow":["GET"]}}],"collection":[{"href":"https:\/\/vossgass.no\/en\/wp-json\/wp\/v2\/product"}],"about":[{"href":"https:\/\/vossgass.no\/en\/wp-json\/wp\/v2\/types\/product"}],"replies":[{"embeddable":true,"href":"https:\/\/vossgass.no\/en\/wp-json\/wp\/v2\/comments?post=14464"}],"wp:featuredmedia":[{"embeddable":true,"href":"https:\/\/vossgass.no\/en\/wp-json\/wp\/v2\/media\/15905"}],"wp:attachment":[{"href":"https:\/\/vossgass.no\/en\/wp-json\/wp\/v2\/media?parent=14464"}],"wp:term":[{"taxonomy":"product_brand","embeddable":true,"href":"https:\/\/vossgass.no\/en\/wp-json\/wp\/v2\/product_brand?post=14464"},{"taxonomy":"product_cat","embeddable":true,"href":"https:\/\/vossgass.no\/en\/wp-json\/wp\/v2\/product_cat?post=14464"},{"taxonomy":"product_tag","embeddable":true,"href":"https:\/\/vossgass.no\/en\/wp-json\/wp\/v2\/product_tag?post=14464"}],"curies":[{"name":"wp","href":"https:\/\/api.w.org\/{rel}","templated":true}]}}