{"id":14449,"date":"2025-04-15T14:17:52","date_gmt":"2025-04-15T12:17:52","guid":{"rendered":"https:\/\/vossgass.no\/produkt\/kabel-mc4-4mm2-til-solpanel-1m-seriekobling-panel\/"},"modified":"2025-10-09T10:27:22","modified_gmt":"2025-10-09T08:27:22","slug":"kabel-mc4-4mm2-til-solpanel-1m-seriekobling-panel","status":"publish","type":"product","link":"https:\/\/vossgass.no\/en\/product\/kabel-mc4-4mm2-til-solpanel-1m-seriekobling-panel\/","title":{"rendered":"Kabel MC4 4mm2 til Solpanel 1m Seriekobling Panel"},"content":{"rendered":"","protected":false},"excerpt":{"rendered":"<p>Dette er kablene for deg som skal seriekoble flere paneler, enten det er til et nett-tilknyttet anlegg eller du kanskje benytter en MPPT regulator og \u00f8nsker \u00e5 f\u00f8re en h\u00f8yere spenning frem til regulator.<\/p>\n<p>Kabeltykkelsen er p\u00e5 4 mm2 og kan derfor benyttes i vanlige 12V installasjoner der avstanden fra panel til regulator ikke overstiger 4 m i total lengde.<\/p>\n<p>Leveres ferdig montert med en MC4-hannplugg og en MC4-hunnplugg.<\/p>\n<p>Farge: Sort<br \/>\nKabeldimensjon: 4mm2<br \/>\nKabellengde: 1 meter<\/p>","protected":false},"featured_media":15891,"comment_status":"open","ping_status":"closed","template":"","meta":[],"product_brand":[],"product_cat":[260,516],"product_tag":[],"class_list":{"0":"post-14449","1":"product","2":"type-product","3":"status-publish","4":"has-post-thumbnail","6":"product_cat-hytte-camping-fritid","7":"product_cat-solenergi-12-v-m-m-hytte-camping-fritid-2","9":"first","10":"instock","11":"taxable","12":"shipping-taxable","13":"purchasable","14":"product-type-simple"},"_links":{"self":[{"href":"https:\/\/vossgass.no\/en\/wp-json\/wp\/v2\/product\/14449","targetHints":{"allow":["GET"]}}],"collection":[{"href":"https:\/\/vossgass.no\/en\/wp-json\/wp\/v2\/product"}],"about":[{"href":"https:\/\/vossgass.no\/en\/wp-json\/wp\/v2\/types\/product"}],"replies":[{"embeddable":true,"href":"https:\/\/vossgass.no\/en\/wp-json\/wp\/v2\/comments?post=14449"}],"wp:featuredmedia":[{"embeddable":true,"href":"https:\/\/vossgass.no\/en\/wp-json\/wp\/v2\/media\/15891"}],"wp:attachment":[{"href":"https:\/\/vossgass.no\/en\/wp-json\/wp\/v2\/media?parent=14449"}],"wp:term":[{"taxonomy":"product_brand","embeddable":true,"href":"https:\/\/vossgass.no\/en\/wp-json\/wp\/v2\/product_brand?post=14449"},{"taxonomy":"product_cat","embeddable":true,"href":"https:\/\/vossgass.no\/en\/wp-json\/wp\/v2\/product_cat?post=14449"},{"taxonomy":"product_tag","embeddable":true,"href":"https:\/\/vossgass.no\/en\/wp-json\/wp\/v2\/product_tag?post=14449"}],"curies":[{"name":"wp","href":"https:\/\/api.w.org\/{rel}","templated":true}]}}