{"id":14437,"date":"2025-04-15T14:15:32","date_gmt":"2025-04-15T12:15:32","guid":{"rendered":"https:\/\/vossgass.no\/produkt\/solcelleregulator-mppt-12-24v-30a-m-display\/"},"modified":"2026-03-16T10:40:16","modified_gmt":"2026-03-16T09:40:16","slug":"solcelleregulator-mppt-12-24v-30a-m-display","status":"publish","type":"product","link":"https:\/\/vossgass.no\/en\/product\/solcelleregulator-mppt-12-24v-30a-m-display\/","title":{"rendered":"Solcelleregulator MPPT 12\/24v 30A m\/display"},"content":{"rendered":"","protected":false},"excerpt":{"rendered":"<p>SKANBATT MPPT Solcelleregulator 12\/24V 30A med display<\/p>\n<p>Meget effektiv og god MPPT regulator til en fornuftig pris.<br \/>\nGir opp til 30% bedre lading enn en standard solcelleregulator.<br \/>\nLCD display viser panelspenning, ladespenning, ladestr\u00f8m, forbruk, batteristatus og tilf\u00f8rt str\u00f8m.<\/p>\n<p>Fordeler:<br \/>\nVirkningsgrad p\u00e5 &gt;99%<br \/>\n12V \/ 24V Auto<br \/>\nPV Input: Maks 75V<br \/>\nAvansert ladeprogram for de aller fleste batterityper<br \/>\nUSB utganger for lading av mobiler etc.<\/p>\n<p>Dersom produktet skal brukes i en fast installasjon med spenning over 50 volt eller effekt over 200VA s\u00e5 m\u00e5 det installeres av en registrert installasjonsvirksomhet.<\/p>\n<p>Tekniske data:<br \/>\nMaks ladestr\u00f8m: 30A<br \/>\nMaks forbrukstr\u00f8m: 30A<br \/>\n2stk USB porter<br \/>\nDimensjon: 188x133x59mm<br \/>\nVekt: 989g<br \/>\nMaks kabeltykkelse: 25mm2<br \/>\nBeskyttet mot kortslutning, overbelastning og h\u00f8y temperatur<\/p>","protected":false},"featured_media":15879,"comment_status":"open","ping_status":"closed","template":"","meta":[],"product_brand":[],"product_cat":[260,516],"product_tag":[],"class_list":{"0":"post-14437","1":"product","2":"type-product","3":"status-publish","4":"has-post-thumbnail","6":"product_cat-hytte-camping-fritid","7":"product_cat-solenergi-12-v-m-m-hytte-camping-fritid-2","9":"first","10":"outofstock","11":"taxable","12":"shipping-taxable","13":"purchasable","14":"product-type-simple"},"_links":{"self":[{"href":"https:\/\/vossgass.no\/en\/wp-json\/wp\/v2\/product\/14437","targetHints":{"allow":["GET"]}}],"collection":[{"href":"https:\/\/vossgass.no\/en\/wp-json\/wp\/v2\/product"}],"about":[{"href":"https:\/\/vossgass.no\/en\/wp-json\/wp\/v2\/types\/product"}],"replies":[{"embeddable":true,"href":"https:\/\/vossgass.no\/en\/wp-json\/wp\/v2\/comments?post=14437"}],"wp:featuredmedia":[{"embeddable":true,"href":"https:\/\/vossgass.no\/en\/wp-json\/wp\/v2\/media\/15879"}],"wp:attachment":[{"href":"https:\/\/vossgass.no\/en\/wp-json\/wp\/v2\/media?parent=14437"}],"wp:term":[{"taxonomy":"product_brand","embeddable":true,"href":"https:\/\/vossgass.no\/en\/wp-json\/wp\/v2\/product_brand?post=14437"},{"taxonomy":"product_cat","embeddable":true,"href":"https:\/\/vossgass.no\/en\/wp-json\/wp\/v2\/product_cat?post=14437"},{"taxonomy":"product_tag","embeddable":true,"href":"https:\/\/vossgass.no\/en\/wp-json\/wp\/v2\/product_tag?post=14437"}],"curies":[{"name":"wp","href":"https:\/\/api.w.org\/{rel}","templated":true}]}}