{"id":14435,"date":"2025-04-15T14:15:09","date_gmt":"2025-04-15T12:15:09","guid":{"rendered":"https:\/\/vossgass.no\/produkt\/solcelleregulator-mppt-12-24v-10a-m-display\/"},"modified":"2025-11-08T12:28:38","modified_gmt":"2025-11-08T11:28:38","slug":"solcelleregulator-mppt-12-24v-10a-m-display","status":"publish","type":"product","link":"https:\/\/vossgass.no\/en\/product\/solcelleregulator-mppt-12-24v-10a-m-display\/","title":{"rendered":"Solcelleregulator MPPT 12\/24v 10A m\/display"},"content":{"rendered":"","protected":false},"excerpt":{"rendered":"<p>SKANBATT MPPT Solcelleregulator 12\/24V 10A med display<\/p>\n<p>Meget effektiv og god MPPT regulator til en fornuftig pris.<br \/>\nGir opp til 30% bedre lading enn en standard solcelleregulator.<br \/>\nLCD display viser panelspenning, ladespenning, ladestr\u00f8m, forbruk, batteristatus og tilf\u00f8rt str\u00f8m.<\/p>\n<p>Fordeler:<br \/>\nVirkningsgrad p\u00e5 &gt;99%<br \/>\n12V \/ 24V Auto<br \/>\nPV Input: Maks 75V<br \/>\nAvansert ladeprogram for de aller fleste batterityper<br \/>\nUSB utganger for lading av mobiler etc.<\/p>\n<p>Dersom produktet skal brukes i en fast installasjon med spenning over 50 volt eller effekt over 200VA s\u00e5 m\u00e5 det installeres av en registrert installasjonsvirksomhet.<\/p>\n<p>Tekniske data:<br \/>\nMaks ladestr\u00f8m: 10A<br \/>\nMaks forbrukstr\u00f8m: 10A<br \/>\n2stk USB porter<br \/>\nDimensjon: 178x101x45,5mm<br \/>\nVekt: 346g<br \/>\nMaks kabeltykkelse: 10mm2<br \/>\nBeskyttet mot kortslutning, overbelastning og h\u00f8y temperatur<\/p>","protected":false},"featured_media":15877,"comment_status":"open","ping_status":"closed","template":"","meta":[],"product_brand":[],"product_cat":[260,516],"product_tag":[],"class_list":{"0":"post-14435","1":"product","2":"type-product","3":"status-publish","4":"has-post-thumbnail","6":"product_cat-hytte-camping-fritid","7":"product_cat-solenergi-12-v-m-m-hytte-camping-fritid-2","9":"first","10":"instock","11":"taxable","12":"shipping-taxable","13":"purchasable","14":"product-type-simple"},"_links":{"self":[{"href":"https:\/\/vossgass.no\/en\/wp-json\/wp\/v2\/product\/14435","targetHints":{"allow":["GET"]}}],"collection":[{"href":"https:\/\/vossgass.no\/en\/wp-json\/wp\/v2\/product"}],"about":[{"href":"https:\/\/vossgass.no\/en\/wp-json\/wp\/v2\/types\/product"}],"replies":[{"embeddable":true,"href":"https:\/\/vossgass.no\/en\/wp-json\/wp\/v2\/comments?post=14435"}],"wp:featuredmedia":[{"embeddable":true,"href":"https:\/\/vossgass.no\/en\/wp-json\/wp\/v2\/media\/15877"}],"wp:attachment":[{"href":"https:\/\/vossgass.no\/en\/wp-json\/wp\/v2\/media?parent=14435"}],"wp:term":[{"taxonomy":"product_brand","embeddable":true,"href":"https:\/\/vossgass.no\/en\/wp-json\/wp\/v2\/product_brand?post=14435"},{"taxonomy":"product_cat","embeddable":true,"href":"https:\/\/vossgass.no\/en\/wp-json\/wp\/v2\/product_cat?post=14435"},{"taxonomy":"product_tag","embeddable":true,"href":"https:\/\/vossgass.no\/en\/wp-json\/wp\/v2\/product_tag?post=14435"}],"curies":[{"name":"wp","href":"https:\/\/api.w.org\/{rel}","templated":true}]}}