{"id":14428,"date":"2025-04-15T14:13:45","date_gmt":"2025-04-15T12:13:45","guid":{"rendered":"https:\/\/vossgass.no\/produkt\/hjornebrakett-til-solcelle-sett-hvit\/"},"modified":"2025-10-09T11:45:50","modified_gmt":"2025-10-09T09:45:50","slug":"hjornebrakett-til-solcelle-sett-hvit","status":"publish","type":"product","link":"https:\/\/vossgass.no\/en\/product\/hjornebrakett-til-solcelle-sett-hvit\/","title":{"rendered":"Hj\u00f8rnebrakett til solcelle (sett) &#8211; Hvit"},"content":{"rendered":"","protected":false},"excerpt":{"rendered":"<p>Hj\u00f8rnebraketter til \u00e5 feste solcellepaneler p\u00e5 f.eks bobiltak e.l<\/p>\n<p>Meget solide og enkle braketter som passer til alle v\u00e5re paneler<\/p>","protected":false},"featured_media":15870,"comment_status":"open","ping_status":"closed","template":"","meta":[],"product_brand":[],"product_cat":[260,516],"product_tag":[],"class_list":{"0":"post-14428","1":"product","2":"type-product","3":"status-publish","4":"has-post-thumbnail","6":"product_cat-hytte-camping-fritid","7":"product_cat-solenergi-12-v-m-m-hytte-camping-fritid-2","9":"first","10":"instock","11":"taxable","12":"shipping-taxable","13":"purchasable","14":"product-type-simple"},"_links":{"self":[{"href":"https:\/\/vossgass.no\/en\/wp-json\/wp\/v2\/product\/14428","targetHints":{"allow":["GET"]}}],"collection":[{"href":"https:\/\/vossgass.no\/en\/wp-json\/wp\/v2\/product"}],"about":[{"href":"https:\/\/vossgass.no\/en\/wp-json\/wp\/v2\/types\/product"}],"replies":[{"embeddable":true,"href":"https:\/\/vossgass.no\/en\/wp-json\/wp\/v2\/comments?post=14428"}],"wp:featuredmedia":[{"embeddable":true,"href":"https:\/\/vossgass.no\/en\/wp-json\/wp\/v2\/media\/15870"}],"wp:attachment":[{"href":"https:\/\/vossgass.no\/en\/wp-json\/wp\/v2\/media?parent=14428"}],"wp:term":[{"taxonomy":"product_brand","embeddable":true,"href":"https:\/\/vossgass.no\/en\/wp-json\/wp\/v2\/product_brand?post=14428"},{"taxonomy":"product_cat","embeddable":true,"href":"https:\/\/vossgass.no\/en\/wp-json\/wp\/v2\/product_cat?post=14428"},{"taxonomy":"product_tag","embeddable":true,"href":"https:\/\/vossgass.no\/en\/wp-json\/wp\/v2\/product_tag?post=14428"}],"curies":[{"name":"wp","href":"https:\/\/api.w.org\/{rel}","templated":true}]}}