{"id":14425,"date":"2025-04-15T14:13:02","date_gmt":"2025-04-15T12:13:02","guid":{"rendered":"https:\/\/vossgass.no\/produkt\/nor-charger-elektronisk-batterilader-12v-20a\/"},"modified":"2025-09-23T10:15:47","modified_gmt":"2025-09-23T08:15:47","slug":"nor-charger-elektronisk-batterilader-12v-20a","status":"publish","type":"product","link":"https:\/\/vossgass.no\/en\/product\/nor-charger-elektronisk-batterilader-12v-20a\/","title":{"rendered":"NOR CHARGER Elektronisk Batterilader 12v 20A"},"content":{"rendered":"","protected":false},"excerpt":{"rendered":"<p>Nor Charger BBC1220 Pro Serie batterilader:<\/p>\n<p>Her f\u00e5r du en meget anvendelig batterilader til b\u00e5t, hytte, caravan, bil etc av aller beste kvalitet.<br \/>\nLaderen har innstillinger for optimal lading av AGM, GEL, Bly\/Syre og Skanbatt lithium* batterier.<br \/>\nI tillegg har den egen str\u00f8mforsyning (trenger ikke batteri tilkoblet) med flere spenningsvalg, dette gj\u00f8r den meget universal.<br \/>\nNC Pro serien har et digitalt display som gir deg full kontroll over ladestatus og hvor langt den er kommet i ladeprosessen.<br \/>\nLaderen har to separate kanaler som gj\u00f8r den helt perfekt til f.eks to batteribanker i b\u00e5t (start + forbruk).<br \/>\nDe 7-ladestegene er som f\u00f8lger:<br \/>\nDesulfatering (starter automatisk ved behov)<br \/>\nSoft start (laderen starter med lavere ladestr\u00f8m og \u00f8ker etter hvert som batteriet kan ta i mot)<br \/>\nBulk (her foreg\u00e5r all hovedlading til batteriet er ca 80% ladet)<br \/>\nAbsorbasjon (laderen holder maks spenning helt til batteriet er fulladet)<br \/>\nBatteritest (laderen foretar en enkel test for \u00e5 sjekke om batteriet er i orden)<br \/>\nRekondisjon (utjevningslading hvor niv\u00e5et p\u00e5 cellene bli like)<br \/>\nFloat (vedlikeholdslading for \u00e5 holde batteriet i aller beste stand)<br \/>\nFordeler:<br \/>\nDigitalt display viser spenning (V), ladestr\u00f8m (A) og hvor langt laderen er kommet i ladeprosessen<br \/>\nPasser for bly\/syre, AGM, Lithium og GEL batterier<br \/>\nVedlikeholdslading p\u00e5 ubestemt tid, uten \u00e5 skade batteriene.<br \/>\nKan lade helt tomme batterier, (forutsetter at de er i orden)<br \/>\nKompakt design for enkel montering (feste\u00f8rer p\u00e5 laderen)<br \/>\nInnvendig coating gir beskyttelse mot f.eks fuktig sj\u00f8luft.<br \/>\nBeskyttet mot feilkobling, kortslutning og overoppheting.<br \/>\nTekniske data:<br \/>\nMaks ladestr\u00f8m: 20A<br \/>\nInnspenning: 190-265V AC &#8211; 50Hz<br \/>\nLadespenning: 14,2V \/ 14,6V eller 14,8V (kan velges manuelt)<br \/>\nVedlikeholdslading; 13,2V \/ 13,5V eller 13,8V<br \/>\nDimensjoner: 176x175x95mm<br \/>\nVekt: 1,83kg<br \/>\nAnbefalt batterist\u00f8rrelse: 100-400AH<br \/>\n* Dersom du \u00f8nsker \u00e5 benytte laderen p\u00e5 andre lithium batterier en Skanbatt s\u00e5 m\u00e5 man p\u00e5 forh\u00e5nd sjekke med batteriprodusent at laderen er egnet.<br \/>\nDet er mange forskjellige lithium batterier p\u00e5 markedet, og disse kan ha forskjellige ladeprosedyrer.<\/p>","protected":false},"featured_media":0,"comment_status":"open","ping_status":"closed","template":"","meta":[],"product_brand":[],"product_cat":[260,516],"product_tag":[],"class_list":{"0":"post-14425","1":"product","2":"type-product","3":"status-publish","5":"product_cat-hytte-camping-fritid","6":"product_cat-solenergi-12-v-m-m-hytte-camping-fritid-2","8":"first","9":"outofstock","10":"taxable","11":"shipping-taxable","12":"purchasable","13":"product-type-simple"},"_links":{"self":[{"href":"https:\/\/vossgass.no\/en\/wp-json\/wp\/v2\/product\/14425","targetHints":{"allow":["GET"]}}],"collection":[{"href":"https:\/\/vossgass.no\/en\/wp-json\/wp\/v2\/product"}],"about":[{"href":"https:\/\/vossgass.no\/en\/wp-json\/wp\/v2\/types\/product"}],"replies":[{"embeddable":true,"href":"https:\/\/vossgass.no\/en\/wp-json\/wp\/v2\/comments?post=14425"}],"wp:attachment":[{"href":"https:\/\/vossgass.no\/en\/wp-json\/wp\/v2\/media?parent=14425"}],"wp:term":[{"taxonomy":"product_brand","embeddable":true,"href":"https:\/\/vossgass.no\/en\/wp-json\/wp\/v2\/product_brand?post=14425"},{"taxonomy":"product_cat","embeddable":true,"href":"https:\/\/vossgass.no\/en\/wp-json\/wp\/v2\/product_cat?post=14425"},{"taxonomy":"product_tag","embeddable":true,"href":"https:\/\/vossgass.no\/en\/wp-json\/wp\/v2\/product_tag?post=14425"}],"curies":[{"name":"wp","href":"https:\/\/api.w.org\/{rel}","templated":true}]}}