{"id":14424,"date":"2025-04-15T14:12:46","date_gmt":"2025-04-15T12:12:46","guid":{"rendered":"https:\/\/vossgass.no\/produkt\/12v-ritar-agm-deep-cycle-batteri-200-290-ah\/"},"modified":"2025-09-23T10:15:31","modified_gmt":"2025-09-23T08:15:31","slug":"12v-ritar-agm-deep-cycle-batteri-200-290-ah","status":"publish","type":"product","link":"https:\/\/vossgass.no\/en\/product\/12v-ritar-agm-deep-cycle-batteri-200-290-ah\/","title":{"rendered":"12v Ritar AGM Deep Cycle Batteri 200\/290 AH"},"content":{"rendered":"","protected":false},"excerpt":{"rendered":"<p>Ritar AGM Batteri 12V 200AH &#8211; RA12-200D<br \/>\nDC12-200 er et AGM Deep Cycle (dyputladings batteri) som holder meget god kvalitet.<br \/>\nBatteriet er mye brukt som forbruksbatteri til solceller p\u00e5 hytter, og som forbruksbatteri i b\u00e5ter og bobiler etc.<br \/>\nSelv om DC serien til Ritar er Deep Cycle batterier, s\u00e5 er de ogs\u00e5 meget godt egnet til n\u00f8dstr\u00f8m og st\u00f8rre UPS anlegg<br \/>\nPS! Det er mange ulike praksiser for hvordan kapasiteten p\u00e5 disse batteriene oppgis og det kan variere fra 200-290Ah p\u00e5 denne typen.<br \/>\nN\u00e5r man skal sammenligne de ulike merkene, er det mest hensiktsmessig \u00e5 se p\u00e5 vekt og dimensjoner.<br \/>\nMaks m\u00e5l: 522x240x219<br \/>\nSpenning: 12V<br \/>\nKapasitet: 200AH \/ C10<br \/>\nMaks kortslutningseffekt: 2000A<br \/>\nVekt: 60kg<br \/>\nTerminaler: M8<br \/>\nKan leveres med bilpoler<br \/>\nMest brukt til:<br \/>\nForbruk<br \/>\nB\u00e5t<br \/>\nSolcelle<br \/>\nBobil<br \/>\nUPS<br \/>\nN\u00f8dstr\u00f8m<br \/>\nBack up<br \/>\nData<br \/>\nAlarm<\/p>","protected":false},"featured_media":15867,"comment_status":"open","ping_status":"closed","template":"","meta":[],"product_brand":[],"product_cat":[260,516],"product_tag":[],"class_list":{"0":"post-14424","1":"product","2":"type-product","3":"status-publish","4":"has-post-thumbnail","6":"product_cat-hytte-camping-fritid","7":"product_cat-solenergi-12-v-m-m-hytte-camping-fritid-2","8":"product_shipping_class-kan-ikke-sendes","10":"first","11":"outofstock","12":"taxable","13":"shipping-taxable","14":"purchasable","15":"product-type-simple"},"_links":{"self":[{"href":"https:\/\/vossgass.no\/en\/wp-json\/wp\/v2\/product\/14424","targetHints":{"allow":["GET"]}}],"collection":[{"href":"https:\/\/vossgass.no\/en\/wp-json\/wp\/v2\/product"}],"about":[{"href":"https:\/\/vossgass.no\/en\/wp-json\/wp\/v2\/types\/product"}],"replies":[{"embeddable":true,"href":"https:\/\/vossgass.no\/en\/wp-json\/wp\/v2\/comments?post=14424"}],"wp:featuredmedia":[{"embeddable":true,"href":"https:\/\/vossgass.no\/en\/wp-json\/wp\/v2\/media\/15867"}],"wp:attachment":[{"href":"https:\/\/vossgass.no\/en\/wp-json\/wp\/v2\/media?parent=14424"}],"wp:term":[{"taxonomy":"product_brand","embeddable":true,"href":"https:\/\/vossgass.no\/en\/wp-json\/wp\/v2\/product_brand?post=14424"},{"taxonomy":"product_cat","embeddable":true,"href":"https:\/\/vossgass.no\/en\/wp-json\/wp\/v2\/product_cat?post=14424"},{"taxonomy":"product_tag","embeddable":true,"href":"https:\/\/vossgass.no\/en\/wp-json\/wp\/v2\/product_tag?post=14424"}],"curies":[{"name":"wp","href":"https:\/\/api.w.org\/{rel}","templated":true}]}}