{"id":14417,"date":"2025-04-15T14:11:18","date_gmt":"2025-04-15T12:11:18","guid":{"rendered":"https:\/\/vossgass.no\/produkt\/12v-ba15s-rundtlysende-07w-15smd-ledpaere-m-kuppel-varm\/"},"modified":"2026-03-09T10:48:44","modified_gmt":"2026-03-09T09:48:44","slug":"12v-ba15s-rundtlysende-07w-15smd-ledpaere-m-kuppel-varm","status":"publish","type":"product","link":"https:\/\/vossgass.no\/en\/product\/12v-ba15s-rundtlysende-07w-15smd-ledpaere-m-kuppel-varm\/","title":{"rendered":"12v BA15s rundtlysende 0,7w 15SMD ledp\u00e6re m.kuppel, varm"},"content":{"rendered":"","protected":false},"excerpt":{"rendered":"<p>Led lysp\u00e6re som bruker nye SMD led. P\u00e6ren er sv\u00e6rt aktuell i b\u00e5ter, der BA15s sokkelen er sv\u00e6rt mye brukt.<\/p>\n<p>Forskjellen mellom BA15s og BA15d<br \/>\nBA15s har bare ett kontaktpunkt p\u00e5 spissen der den f\u00e5r str\u00f8m, det andre kontaktpunktet er selve &laquo;kappen&raquo;.<br \/>\nBA15d har to kontaktpunkter p\u00e5 spissen.<\/p>\n<p>Bildet nr 2 viser BA15s og BA15d sett fra undersiden.<\/p>\n<p>Robust kretskort design<br \/>\nDenne led p\u00e6ren er utstyrt med elektronikk som gj\u00f8r at den t\u00e5ler et st\u00f8rre spenningsomr\u00e5de enn mange andre Led p\u00e6rer, noe som er viktig s\u00e6rlig i solcelleanlegg.<br \/>\nP\u00e6ren er dessuten polaritetsuavhengig, slik at du slipper \u00e5 passe p\u00e5 \u00e5 kople + og &#8211; riktig.<br \/>\nP\u00e6ren kan kun brukes p\u00e5 b\u00e5de 12V DC og 24V DC (ikke AC vekselstr\u00f8m).<\/p>\n<p>Sokkel: BA15s<br \/>\nAntall led: 16 stk<br \/>\nType led: SMD<br \/>\nLumen: 60lm<br \/>\nLysspredning\/vinkel: full<br \/>\nLed effekt: ca 0,7W<br \/>\nDiameter: ca 25,5mm<br \/>\nH\u00f8yde: ca 51,5 mm (inkl. sokkel)<br \/>\nLysfarge: varmhvit<br \/>\nLysfargetemperatur: 2700-3300K<br \/>\nIdeelt spenningsomr\u00e5de: 8V &#8211; 30Volt<br \/>\nSv\u00e6rt lang levetid.<br \/>\nKan ikke dimmes<br \/>\nKan brukes p\u00e5 b\u00e5de 12V DC og 24V DC<br \/>\nPolaritetsuavhengig (uavhengig av + og &#8211; kopling)<br \/>\nUtvikler sv\u00e6rt lite varme<br \/>\nMilj\u00f8vennlig, uten kvikks\u00f8lv som i andre sparep\u00e6rer.<\/p>","protected":false},"featured_media":15860,"comment_status":"open","ping_status":"closed","template":"","meta":[],"product_brand":[],"product_cat":[260,516],"product_tag":[],"class_list":{"0":"post-14417","1":"product","2":"type-product","3":"status-publish","4":"has-post-thumbnail","6":"product_cat-hytte-camping-fritid","7":"product_cat-solenergi-12-v-m-m-hytte-camping-fritid-2","9":"first","10":"instock","11":"taxable","12":"shipping-taxable","13":"purchasable","14":"product-type-simple"},"_links":{"self":[{"href":"https:\/\/vossgass.no\/en\/wp-json\/wp\/v2\/product\/14417","targetHints":{"allow":["GET"]}}],"collection":[{"href":"https:\/\/vossgass.no\/en\/wp-json\/wp\/v2\/product"}],"about":[{"href":"https:\/\/vossgass.no\/en\/wp-json\/wp\/v2\/types\/product"}],"replies":[{"embeddable":true,"href":"https:\/\/vossgass.no\/en\/wp-json\/wp\/v2\/comments?post=14417"}],"wp:featuredmedia":[{"embeddable":true,"href":"https:\/\/vossgass.no\/en\/wp-json\/wp\/v2\/media\/15860"}],"wp:attachment":[{"href":"https:\/\/vossgass.no\/en\/wp-json\/wp\/v2\/media?parent=14417"}],"wp:term":[{"taxonomy":"product_brand","embeddable":true,"href":"https:\/\/vossgass.no\/en\/wp-json\/wp\/v2\/product_brand?post=14417"},{"taxonomy":"product_cat","embeddable":true,"href":"https:\/\/vossgass.no\/en\/wp-json\/wp\/v2\/product_cat?post=14417"},{"taxonomy":"product_tag","embeddable":true,"href":"https:\/\/vossgass.no\/en\/wp-json\/wp\/v2\/product_tag?post=14417"}],"curies":[{"name":"wp","href":"https:\/\/api.w.org\/{rel}","templated":true}]}}