{"id":19209,"date":"2026-01-07T14:49:48","date_gmt":"2026-01-07T13:49:48","guid":{"rendered":"https:\/\/vossgass.no\/?page_id=19209"},"modified":"2026-04-10T12:21:47","modified_gmt":"2026-04-10T10:21:47","slug":"malttypar","status":"publish","type":"page","link":"https:\/\/vossgass.no\/en\/malttypar\/","title":{"rendered":"Malt"},"content":{"rendered":"<section class=\"bde-section-19209-100 bde-section\">\n  \n  \n\t\n\n\n\n<div class=\"section-container\"><div class=\"bde-code-block-19209-101 bde-code-block\">\n\n  <div class=\"malt-btnwrap\">\n  <div class=\"malt-subtext\">\n    Her finn du ei full oversikt over alle malttypar i sortimentet v\u00e5rt. Vel heil eller knust av \u00f8nsket type for \u00e5 g\u00e5 direkte til produktet.\n  <\/div>\n\n  <div class=\"malt-section-title\">Pilsner malt<\/div>\n  <div class=\"malt-btngrid\">\n    <a href=\"https:\/\/vossgass.no\/en\/product\/viking-pilsner-malt-1-kg\/\">Pilsner malt i lausvekt heil<\/a>\n    <a href=\"https:\/\/vossgass.no\/en\/product\/viking-pilsner-malt-1-kg-knust\/\">Pilsner malt i lausvekt knust<\/a>\n    <a href=\"https:\/\/vossgass.no\/en\/product\/viking-pilsner-malt-25-kg-hel\/\">Pilsner malt 25 kg (sekk) HEIL<\/a>\n    <a href=\"https:\/\/vossgass.no\/en\/product\/viking-pilsner-malt-25-kg-knust\/\">Pilsner malt 25 kg (sekk) knust<\/a>\n  <\/div>\n\n  <div class=\"malt-section-title\">Pale Ale malt<\/div>\n  <div class=\"malt-btngrid\">\n    <a href=\"https:\/\/vossgass.no\/en\/product\/pale-ale-malt-1-kg-7-9-ebc\/\">Pale Ale malt i lausvekt heil<\/a>\n    <a href=\"https:\/\/vossgass.no\/en\/product\/pale-ale-malt-1-kg-7-9-ebc-knust\/\">Pale Ale malt i lausvekt knust<\/a>\n    <a href=\"https:\/\/vossgass.no\/en\/product\/pale-ale-malt-25-kg-sekk-ebc-7-9\/\">Pale Ale malt 25 kg (sekk) HEIL<\/a>\n    <a href=\"https:\/\/vossgass.no\/en\/product\/pale-ale-malt-25-kg-sekk-ebc-7-9-knust\/\">Pale Ale malt 25 kg (sekk) knust<\/a>\n  <\/div>\n\n  <div class=\"malt-section-title\">Vienna malt<\/div>\n  <div class=\"malt-btngrid\">\n    <a href=\"https:\/\/vossgass.no\/en\/product\/vienna-malt-1-kg\/\">Vienna malt i lausvekt heil<\/a>\n    <a href=\"https:\/\/vossgass.no\/en\/product\/vienna-malt-1-kg-ebc-5-knust\/\">Vienna malt i lausvekt knust<\/a>\n    <a href=\"https:\/\/vossgass.no\/en\/product\/vienna-malt-25-kg-sekk-ebc-8\/\">Vienna malt 25 kg (sekk) HEIL<\/a>\n    <a href=\"https:\/\/vossgass.no\/en\/product\/vienna-malt-25-kg-sekk-ebc-4-7-knust\/\">Vienna malt 25 kg (sekk) knust<\/a>\n  <\/div>\n\n  <div class=\"malt-section-title\">Munich dunkel malt<\/div>\n  <div class=\"malt-btngrid\">\n    <a href=\"https:\/\/vossgass.no\/en\/product\/munich-dunkel-1-kg-ebc-25\/\">Munich dunkel malt i lausvekt heil<\/a>\n    <a href=\"https:\/\/vossgass.no\/en\/product\/munich-dunkel-1-kg-ebc-25-knust\/\">Munich dunkel malt i lausvekt knust<\/a>\n    <a href=\"https:\/\/vossgass.no\/en\/product\/munich-dunkel-malt-25-kg-sekk-ebc-25\/\">Munich dunkel malt 25 kg (sekk) HEIL<\/a>\n    <a href=\"https:\/\/vossgass.no\/en\/product\/munich-dunkel-malt-25-kg-sekk-ebc-25-knust\/\">Munich dunkel malt 25 kg (sekk) knust<\/a>\n  <\/div>\n\n  <div class=\"malt-section-title\">Munich light malt<\/div>\n  <div class=\"malt-btngrid\">\n    <a href=\"https:\/\/vossgass.no\/en\/product\/munich-light-1-kg-ebc-15\/\">Munich light malt i lausvekt heil<\/a>\n    <a href=\"https:\/\/vossgass.no\/en\/product\/munich-light-1-kg-ebc-15-knust\/\">Munich light malt i lausvekt knust<\/a>\n    <a href=\"https:\/\/vossgass.no\/en\/product\/munich-light-25-kg-sekk-ebc-15\/\">Munich light malt 25 kg (sekk) HEIL<\/a>\n    <a href=\"https:\/\/vossgass.no\/en\/product\/munich-light-25-kg-sekk-ebc-15-knust\/\">Munich light malt 25 kg (sekk) knust<\/a>\n  <\/div>\n\n  <div class=\"malt-section-title\">Maris Otter malt<\/div>\n  <div class=\"malt-btngrid\">\n    <a href=\"https:\/\/vossgass.no\/en\/product\/maris-otter-1kg-ebc-55\/\">Maris Otter malt i lausvekt heil<\/a>\n    <a href=\"https:\/\/vossgass.no\/en\/product\/maris-otter-1kg-ebc-55-knust\/\">Maris Otter malt i lausvekt knust<\/a>\n    <a href=\"https:\/\/vossgass.no\/en\/product\/maris-otter-malt-25-kg-sekk-ebc-55-heil\/\">Maris Otter malt 25 kg (sekk) HEIL<\/a>\n    <a href=\"https:\/\/vossgass.no\/en\/product\/maris-otter-malt-25-kg-ebc-55-knust\/\">Maris Otter malt 25 kg (sekk) knust<\/a>\n  <\/div>\n\n  <div class=\"malt-section-title\">Abbey malt<\/div>\n  <div class=\"malt-btngrid\">\n    <a href=\"https:\/\/vossgass.no\/en\/product\/abbey-malt-1-kg-ebc-45\/\">Abbey malt i lausvekt heil<\/a>\n    <a href=\"https:\/\/vossgass.no\/en\/product\/abbey-malt-1-kg-ebc-45-knust\/\">Abbey malt i lausvekt knust<\/a>\n  <\/div>\n\n  <div class=\"malt-section-title\">Acid Sur malt<\/div>\n  <div class=\"malt-btngrid\">\n    <a href=\"https:\/\/vossgass.no\/en\/product\/acid-sur-malt-1-kg-ebc-5-6\/\">Acid Sur malt i lausvekt heil<\/a>\n    <a href=\"https:\/\/vossgass.no\/en\/product\/acid-sur-malt-1-kg-ebc-6-12-knust\/\">Acid Sur malt i lausvekt knust<\/a>\n  <\/div>\n\n  <div class=\"malt-section-title\">Amber malt<\/div>\n  <div class=\"malt-btngrid\">\n    <a href=\"https:\/\/vossgass.no\/en\/product\/amber-malt-1-kg-ebc-65\/\">Amber malt i lausvekt heil<\/a>\n    <a href=\"https:\/\/vossgass.no\/en\/product\/amber-malt-1-kg-ebc-65-knust\/\">Amber malt i lausvekt knust<\/a>\n  <\/div>\n\n  <div class=\"malt-section-title\">Biscuit malt<\/div>\n  <div class=\"malt-btngrid\">\n    <a href=\"https:\/\/vossgass.no\/en\/product\/biscuit-malt-1-kg-ebc-50\/\">Biscuit malt i lausvekt heil<\/a>\n    <a href=\"https:\/\/vossgass.no\/en\/product\/biscuit-malt-1-kg-ebc-50-knust\/\">Biscuit malt i lausvekt knust<\/a>\n  <\/div>\n\n  <div class=\"malt-section-title\">Black malt<\/div>\n  <div class=\"malt-btngrid\">\n    <a href=\"https:\/\/vossgass.no\/en\/product\/black-malt-1-kg-ebc-1500\/\">Black malt i lausvekt heil<\/a>\n    <a href=\"https:\/\/vossgass.no\/en\/product\/black-malt-1-kg-ebc-1500-knust\/\">Black malt i lausvekt knust<\/a>\n  <\/div>\n\n  <div class=\"malt-section-title\">Brown Crisp malt<\/div>\n  <div class=\"malt-btngrid\">\n    <a href=\"https:\/\/vossgass.no\/en\/product\/brown-chrisp-malt-1-kg-ebc-125\/\">Brown Crisp malt i lausvekt heil<\/a>\n    <a href=\"https:\/\/vossgass.no\/en\/product\/brown-crisp-malt-1-kg-ebc-125-knust\/\">Brown Crisp malt i lausvekt knust<\/a>\n  <\/div>\n\n  <div class=\"malt-section-title\">Buck Wheat glutenfritt malt<\/div>\n  <div class=\"malt-btngrid\">\n    <a href=\"https:\/\/vossgass.no\/en\/product\/buck-wheat-glutenfritt-malt-1-kg-ebc-6-15\/\">Buck Wheat glutenfritt malt i lausvekt heil<\/a>\n    <a href=\"https:\/\/vossgass.no\/en\/product\/buck-wheat-glutenfritt-malt-1-kg-ebc-6-15-2\/\">Buck Wheat glutenfritt malt i lausvekt knust<\/a>\n  <\/div>\n\n  <div class=\"malt-section-title\">Cafe Light malt<\/div>\n  <div class=\"malt-btngrid\">\n    <a href=\"https:\/\/vossgass.no\/en\/product\/cafe-light-malt-1-kg-ebc-250\/\">Cafe Light malt i lausvekt heil<\/a>\n    <a href=\"https:\/\/vossgass.no\/en\/product\/cafe-light-malt-1-kg-ebc-250-knust\/\">Cafe Light malt i lausvekt knust<\/a>\n  <\/div>\n\n  <div class=\"malt-section-title\">Cara Blond malt<\/div>\n  <div class=\"malt-btngrid\">\n    <a href=\"https:\/\/vossgass.no\/en\/product\/cara-blond-malt-1-kg-ebc-20\/\">Cara Blond malt i lausvekt heil<\/a>\n    <a href=\"https:\/\/vossgass.no\/en\/product\/cara-blond-malt-1-kg-ebc-20-knust\/\">Cara Blond malt i lausvekt knust<\/a>\n  <\/div>\n\n  <div class=\"malt-section-title\">Cara Clair \/ Cara Pils malt<\/div>\n  <div class=\"malt-btngrid\">\n    <a href=\"https:\/\/vossgass.no\/en\/product\/cara-clair-cara-pils-malt-1-kg-ebc-3-7\/\">Cara Clair \/ Cara Pils malt i lausvekt heil<\/a>\n    <a href=\"https:\/\/vossgass.no\/en\/product\/cara-clair-malt-1-kg-ebc-3-7-knust\/\">Cara Clair \/ Cara Pils malt i lausvekt knust<\/a>\n  <\/div>\n\n  <div class=\"malt-section-title\">Cara Gold malt<\/div>\n  <div class=\"malt-btngrid\">\n    <a href=\"https:\/\/vossgass.no\/en\/product\/cara-gold-malt-1-kg-ebc-120\/\">Cara Gold malt i lausvekt heil<\/a>\n    <a href=\"https:\/\/vossgass.no\/en\/product\/cara-gold-malt-1-kg-ebc-120-knust\/\">Cara Gold malt i lausvekt knust<\/a>\n  <\/div>\n\n  <div class=\"malt-section-title\">Cara Ruby malt<\/div>\n  <div class=\"malt-btngrid\">\n    <a href=\"https:\/\/vossgass.no\/en\/product\/cara-ruby-ebc50-red-x-malt-ebc30-1-kg\/\">Cara Ruby malt i lausvekt heil<\/a>\n    <a href=\"https:\/\/vossgass.no\/en\/product\/cara-ruby-ebc50-1-kg-knust\/\">Cara Ruby malt i lausvekt knust<\/a>\n  <\/div>\n\n  <div class=\"malt-section-title\">Chit Barley Flakes malt<\/div>\n  <div class=\"malt-btngrid\">\n    <a href=\"https:\/\/vossgass.no\/en\/product\/chit-barley-flakes-malt-1-kg\/\">Chit Barley Flakes malt i lausvekt heil<\/a>\n    <a href=\"https:\/\/vossgass.no\/en\/product\/chit-barley-flakes-malt-1-kg-knust\/\">Chit Barley Flakes malt i lausvekt knust<\/a>\n  <\/div>\n\n  <div class=\"malt-section-title\">Chit Wheat Flakes malt<\/div>\n  <div class=\"malt-btngrid\">\n    <a href=\"https:\/\/vossgass.no\/en\/product\/chit-wheat-flakes-malt-1-kg-ebc-3-7\/\">Chit Wheat Flakes malt i lausvekt heil<\/a>\n    <a href=\"https:\/\/vossgass.no\/en\/product\/chit-wheat-flakes-malt-1-kg-ebc-3-7-2\/\">Chit Wheat Flakes malt i lausvekt knust<\/a>\n  <\/div>\n\n  <div class=\"malt-section-title\">Chocolat malt<\/div>\n  <div class=\"malt-btngrid\">\n    <a href=\"https:\/\/vossgass.no\/en\/product\/chocolat-malt-1-kg-ebc-900\/\">Chocolat malt i lausvekt heil<\/a>\n    <a href=\"https:\/\/vossgass.no\/en\/product\/chocolat-malt-1-kg-ebc-900-knust\/\">Chocolat malt i lausvekt knust<\/a>\n  <\/div>\n\n  <div class=\"malt-section-title\">Crystal malt<\/div>\n  <div class=\"malt-btngrid\">\n    <a href=\"https:\/\/vossgass.no\/en\/product\/crystal-malt-1-kg-ebc-150\/\">Crystal malt i lausvekt heil<\/a>\n    <a href=\"https:\/\/vossgass.no\/en\/product\/crystal-malt-1kg-ebc150-knust\/\">Crystal malt i lausvekt knust<\/a>\n  <\/div>\n\n  <div class=\"malt-section-title\">Diastatique malt<\/div>\n  <div class=\"malt-btngrid\">\n    <a href=\"https:\/\/vossgass.no\/en\/product\/diastatique-malt-1-kg-ebc-25-4\/\">Diastatique malt i lausvekt heil<\/a>\n    <a href=\"https:\/\/vossgass.no\/en\/product\/diastatique-malt-1-kg-ebc-25-4-knust\/\">Diastatique malt i lausvekt knust<\/a>\n  <\/div>\n\n  <div class=\"malt-section-title\">Melano malt<\/div>\n  <div class=\"malt-btngrid\">\n    <a href=\"https:\/\/vossgass.no\/en\/product\/melano-malt-80-ebc-1-kg\/\">Melano malt i lausvekt heil<\/a>\n    <a href=\"https:\/\/vossgass.no\/en\/product\/melano-malt-80-ebc-1-kg-knust\/\">Melano malt i lausvekt knust<\/a>\n  <\/div>\n\n  <div class=\"malt-section-title\">Naked Oat malt<\/div>\n  <div class=\"malt-btngrid\">\n    <a href=\"https:\/\/vossgass.no\/en\/product\/naked-oat-malt-1-kg-ebc-2-8\/\">Naked Oat malt i lausvekt heil<\/a>\n    <a href=\"https:\/\/vossgass.no\/en\/product\/naked-oat-malt-1-kg-ebc-2-8-knust\/\">Naked Oat malt i lausvekt knust<\/a>\n  <\/div>\n\n  <div class=\"malt-section-title\">Oat Havre malt<\/div>\n  <div class=\"malt-btngrid\">\n    <a href=\"https:\/\/vossgass.no\/en\/product\/oat-havre-malt-1-kg\/\">Oat Havre malt i lausvekt heil<\/a>\n    <a href=\"https:\/\/vossgass.no\/en\/product\/oat-havre-malt-ebc-23-1-kg-knust\/\">Oat Havre malt i lausvekt knust<\/a>\n  <\/div>\n\n  <div class=\"malt-section-title\">Roasted Barley malt<\/div>\n  <div class=\"malt-btngrid\">\n    <a href=\"https:\/\/vossgass.no\/en\/product\/roasted-barley-malt-1-kg-ebc-1200-1400\/\">Roasted Barley malt i lausvekt heil<\/a>\n    <a href=\"https:\/\/vossgass.no\/en\/product\/roasted-barley-malt-1-kg-ebc-1100-1300-knust\/\">Roasted Barley malt i lausvekt knust<\/a>\n  <\/div>\n\n  <div class=\"malt-section-title\">Rye malt<\/div>\n  <div class=\"malt-btngrid\">\n    <a href=\"https:\/\/vossgass.no\/en\/product\/ryerug-malt-ebc-19-1-kg-heil\/\">Rye malt i lausvekt heil<\/a>\n    <a href=\"https:\/\/vossgass.no\/en\/product\/rye-malt-1-kg-ebc-19\/\">Rye malt i lausvekt knust<\/a>\n  <\/div>\n\n  <div class=\"malt-section-title\">Special B malt<\/div>\n  <div class=\"malt-btngrid\">\n    <a href=\"https:\/\/vossgass.no\/en\/product\/special-b-malt-1-kg-ebc-300\/\">Special B malt i lausvekt heil<\/a>\n    <a href=\"https:\/\/vossgass.no\/en\/product\/special-b-malt-1-kg-ebc-300-knust\/\">Special B malt i lausvekt knust<\/a>\n  <\/div>\n\n  <div class=\"malt-section-title\">Spelt malt<\/div>\n  <div class=\"malt-btngrid\">\n    <a href=\"https:\/\/vossgass.no\/en\/product\/spelt-malt-1-kg-ebc-3\/\">Spelt malt i lausvekt heil<\/a>\n    <a href=\"https:\/\/vossgass.no\/en\/product\/spelt-malt-1-kg-ebc-3-knust\/\">Spelt malt i lausvekt knust<\/a>\n  <\/div>\n\n  <div class=\"malt-section-title\">Store Havregryn (flaked oat)<\/div>\n  <div class=\"malt-btngrid\">\n    <a href=\"https:\/\/vossgass.no\/en\/product\/store-havregryn-umaltet-1-kg-flaked-oat\/\">Store Havregryn flaked oat \u2013 heil<\/a>\n    <a href=\"https:\/\/vossgass.no\/en\/product\/store-havregryn-umaltet-1-kg-flaked-oat-2\/\">Store Havregryn flaked oat \u2013 knust<\/a>\n  <\/div>\n\n  <div class=\"malt-section-title\">Wheat Blanc malt<\/div>\n  <div class=\"malt-btngrid\">\n    <a href=\"https:\/\/vossgass.no\/en\/product\/wheat-blanc-malt-1-kg-ebc-5\/\">Wheat Blanc malt i lausvekt heil<\/a>\n    <a href=\"https:\/\/vossgass.no\/en\/product\/wheat-blanc-malt-1-kg-ebc-5-2\/\">Wheat Blanc malt i lausvekt knust<\/a>\n  <\/div>\n\n  <div class=\"malt-section-title\">Wheat Munich malt<\/div>\n  <div class=\"malt-btngrid\">\n    <a href=\"https:\/\/vossgass.no\/en\/product\/wheat-munich-malt-1-kg-ebc-25\/\">Wheat Munich malt i lausvekt heil<\/a>\n    <a href=\"https:\/\/vossgass.no\/en\/product\/wheat-munich-malt-1-kg-ebc-25-knust\/\">Wheat Munich malt i lausvekt knust<\/a>\n  <\/div>\n<\/div>\n\n\n<\/div><\/div>\n<\/section>","protected":false},"excerpt":{"rendered":"<p>Her finn du ei full oversikt over alle malttypar i sortimentet v\u00e5rt. Vel heil eller knust av \u00f8nsket type for \u00e5 g\u00e5 direkte til produktet. Pilsner malt Pilsner malt i lausvekt heil Pilsner malt i lausvekt knust Pilsner malt 25 kg (sekk) HEIL Pilsner malt 25 kg (sekk) knust Pale Ale malt Pale Ale malt [&hellip;]<\/p>\n","protected":false},"author":5,"featured_media":0,"parent":0,"menu_order":0,"comment_status":"closed","ping_status":"closed","template":"","meta":{"_breakdance_hide_in_design_set":false,"_breakdance_tags":"","footnotes":""},"class_list":["post-19209","page","type-page","status-publish","hentry"],"_links":{"self":[{"href":"https:\/\/vossgass.no\/en\/wp-json\/wp\/v2\/pages\/19209","targetHints":{"allow":["GET"]}}],"collection":[{"href":"https:\/\/vossgass.no\/en\/wp-json\/wp\/v2\/pages"}],"about":[{"href":"https:\/\/vossgass.no\/en\/wp-json\/wp\/v2\/types\/page"}],"author":[{"embeddable":true,"href":"https:\/\/vossgass.no\/en\/wp-json\/wp\/v2\/users\/5"}],"replies":[{"embeddable":true,"href":"https:\/\/vossgass.no\/en\/wp-json\/wp\/v2\/comments?post=19209"}],"version-history":[{"count":11,"href":"https:\/\/vossgass.no\/en\/wp-json\/wp\/v2\/pages\/19209\/revisions"}],"predecessor-version":[{"id":19763,"href":"https:\/\/vossgass.no\/en\/wp-json\/wp\/v2\/pages\/19209\/revisions\/19763"}],"wp:attachment":[{"href":"https:\/\/vossgass.no\/en\/wp-json\/wp\/v2\/media?parent=19209"}],"curies":[{"name":"wp","href":"https:\/\/api.w.org\/{rel}","templated":true}]}}