{"id":18479,"date":"2025-07-01T08:03:07","date_gmt":"2025-07-01T06:03:07","guid":{"rendered":"https:\/\/vossgass.no\/?page_id=18479"},"modified":"2026-03-30T14:56:55","modified_gmt":"2026-03-30T12:56:55","slug":"blogg","status":"publish","type":"page","link":"https:\/\/vossgass.no\/en\/blogg\/","title":{"rendered":"Blog"},"content":{"rendered":"<section class=\"bde-section-18479-100 bde-section\">\n  \n  \n\t\n\n\n\n<div class=\"section-container\"><div class=\"bde-post-list-18479-101 bde-post-list\"><div class=\"bde-loop bde-loop-grid ee-posts ee-posts-grid\">    <article class=\"bde-loop-item ee-post\">\n        \n        \n        <div class=\"bde-loop-item__wrap ee-post-wrap\">\n            \n                            <h3 class=\"ee-post-title\">\n                    <a class=\"bde-loop-item__title-link ee-post-title-link\" href=\"https:\/\/vossgass.no\/en\/stal-eller-kompositt-korleis-velje-den-ideelle-gassflaska-for-dine-behov\/\" >\n                        St\u00e5l eller kompositt? Korleis velje den ideelle gassflaska for dine behov                    <\/a>\n                <\/h3>\n                            <div class=\"bde-loop-item__post-meta ee-post-meta\">\n                                                                                <span class=\"bde-loop-item__meta-item bde-loop-item__meta-author ee-post-meta-author ee-post-meta-item\">vossgass1<\/span>\n                                                                                                                <span class=\"bde-loop-item__meta-date bde-loop-item__meta-item ee-post-meta-date ee-post-meta-item\">\n                                    14. August 2025                                <\/span>\n                                                                                                            <span class=\"bde-loop-item__comments bde-loop-item__meta-item ee-post-meta-comments ee-post-meta-item\">No Comments<\/span>\n                                                    \n                <\/div>\n                            <div class=\"bde-loop-item__content ee-post-content\">\n                    Rett val av gassflaske er avgjerande for tryggleik og brukervennlegheit, enten du brukar gassgrill, terrassevarmar eller anna gassutstyr. P\u00e5 marknaden i dag finst det hovudsakleg to typar flasker: tradisjonelle st\u00e5lflasker&hellip;                <\/div>\n            \n    \n                                    \n    \n    \n    \n    \n            \n                    \n            \n            \n\n    \n    \n    \n    \n    \n    <a class=\"breakdance-link button-atom button-atom--primary bde-loop-item__button ee-post-button\" href=\"https:\/\/vossgass.no\/en\/stal-eller-kompositt-korleis-velje-den-ideelle-gassflaska-for-dine-behov\/\" target=\"_self\" data-type=\"\"  >\n\n    \n        <span class=\"button-atom__text\">Les mer<\/span>\n\n        \n        \n                <\/a>\n\n    \n\n\n\n\n            \n        <\/div>\n\n    <\/article>\n\n    <article class=\"bde-loop-item ee-post\">\n        \n        \n        <div class=\"bde-loop-item__wrap ee-post-wrap\">\n            \n                            <h3 class=\"ee-post-title\">\n                    <a class=\"bde-loop-item__title-link ee-post-title-link\" href=\"https:\/\/vossgass.no\/en\/gassflasker-og-tryggleik-kvifor-utlopt-dato-spelar-ei-stor-rolle\/\" >\n                        Gassflasker og tryggleik: Kvifor utl\u00f8pt dato spelar ei stor rolle                    <\/a>\n                <\/h3>\n                            <div class=\"bde-loop-item__post-meta ee-post-meta\">\n                                                                                <span class=\"bde-loop-item__meta-item bde-loop-item__meta-author ee-post-meta-author ee-post-meta-item\">torotto<\/span>\n                                                                                                                <span class=\"bde-loop-item__meta-date bde-loop-item__meta-item ee-post-meta-date ee-post-meta-item\">\n                                    15. July 2025                                <\/span>\n                                                                                                            <span class=\"bde-loop-item__comments bde-loop-item__meta-item ee-post-meta-comments ee-post-meta-item\">No Comments<\/span>\n                                                    \n                <\/div>\n                            <div class=\"bde-loop-item__content ee-post-content\">\n                    Hei, alle gass-entusiastar og tryggleiksbevisste husstandar! Her i VossGass er me opptekne av meir enn berre \u00e5 levere gass til dykk; me er like opptekne av at de brukar den&hellip;                <\/div>\n            \n    \n                                    \n    \n    \n    \n    \n            \n                    \n            \n            \n\n    \n    \n    \n    \n    \n    <a class=\"breakdance-link button-atom button-atom--primary bde-loop-item__button ee-post-button\" href=\"https:\/\/vossgass.no\/en\/gassflasker-og-tryggleik-kvifor-utlopt-dato-spelar-ei-stor-rolle\/\" target=\"_self\" data-type=\"\"  >\n\n    \n        <span class=\"button-atom__text\">Les mer<\/span>\n\n        \n        \n                <\/a>\n\n    \n\n\n\n\n            \n        <\/div>\n\n    <\/article>\n\n    <article class=\"bde-loop-item ee-post\">\n        \n        \n        <div class=\"bde-loop-item__wrap ee-post-wrap\">\n            \n                            <h3 class=\"ee-post-title\">\n                    <a class=\"bde-loop-item__title-link ee-post-title-link\" href=\"https:\/\/vossgass.no\/en\/sikkerhet-ved-propanslanger-forsta-merking-og-holdbarhet\/\" >\n                        Sikkerhet ved propanslanger: Forst\u00e5 merking og holdbarhet                    <\/a>\n                <\/h3>\n                            <div class=\"bde-loop-item__post-meta ee-post-meta\">\n                                                                                <span class=\"bde-loop-item__meta-item bde-loop-item__meta-author ee-post-meta-author ee-post-meta-item\">torotto<\/span>\n                                                                                                                <span class=\"bde-loop-item__meta-date bde-loop-item__meta-item ee-post-meta-date ee-post-meta-item\">\n                                    3. July 2025                                <\/span>\n                                                                                                            <span class=\"bde-loop-item__comments bde-loop-item__meta-item ee-post-meta-comments ee-post-meta-item\">No Comments<\/span>\n                                                    \n                <\/div>\n                            <div class=\"bde-loop-item__content ee-post-content\">\n                    Gasslanger: Datomerking og Holdbarhet Forst\u00e5 levetid og merking av gasslanger Det er viktig \u00e5 v\u00e6re klar over hvordan gasslanger i gummi og PVC eldes, samt hvordan datomerking p\u00e5virker deres brukstid.&hellip;                <\/div>\n            \n    \n                                    \n    \n    \n    \n    \n            \n                    \n            \n            \n\n    \n    \n    \n    \n    \n    <a class=\"breakdance-link button-atom button-atom--primary bde-loop-item__button ee-post-button\" href=\"https:\/\/vossgass.no\/en\/sikkerhet-ved-propanslanger-forsta-merking-og-holdbarhet\/\" target=\"_self\" data-type=\"\"  >\n\n    \n        <span class=\"button-atom__text\">Les mer<\/span>\n\n        \n        \n                <\/a>\n\n    \n\n\n\n\n            \n        <\/div>\n\n    <\/article>\n\n    <article class=\"bde-loop-item ee-post\">\n        \n        \n        <div class=\"bde-loop-item__wrap ee-post-wrap\">\n            \n                            <h3 class=\"ee-post-title\">\n                    <a class=\"bde-loop-item__title-link ee-post-title-link\" href=\"https:\/\/vossgass.no\/en\/er-du-lei-av-a-bekymre-deg-for-gass-slangen-din\/\" >\n                        Er du lei av \u00e5 bekymre deg for gass slangen din?                    <\/a>\n                <\/h3>\n                            <div class=\"bde-loop-item__post-meta ee-post-meta\">\n                                                                                <span class=\"bde-loop-item__meta-item bde-loop-item__meta-author ee-post-meta-author ee-post-meta-item\">driftadmin<\/span>\n                                                                                                                <span class=\"bde-loop-item__meta-date bde-loop-item__meta-item ee-post-meta-date ee-post-meta-item\">\n                                    12. May 2025                                <\/span>\n                                                                                                            <span class=\"bde-loop-item__comments bde-loop-item__meta-item ee-post-meta-comments ee-post-meta-item\">No Comments<\/span>\n                                                    \n                <\/div>\n                            <div class=\"bde-loop-item__content ee-post-content\">\n                    &laquo;Er du lei av \u00e5 bekymre deg for gass slangen din? No kan du bytte den ut med ein vedlikeholdsfri slange med 1\/4&raquo; Venstre gjenger.Denne slangen er armert og skal&hellip;                <\/div>\n            \n    \n                                    \n    \n    \n    \n    \n            \n                    \n            \n            \n\n    \n    \n    \n    \n    \n    <a class=\"breakdance-link button-atom button-atom--primary bde-loop-item__button ee-post-button\" href=\"https:\/\/vossgass.no\/en\/er-du-lei-av-a-bekymre-deg-for-gass-slangen-din\/\" target=\"_self\" data-type=\"\"  >\n\n    \n        <span class=\"button-atom__text\">Les mer<\/span>\n\n        \n        \n                <\/a>\n\n    \n\n\n\n\n            \n        <\/div>\n\n    <\/article>\n\n<\/div><\/div><\/div>\n<\/section>","protected":false},"excerpt":{"rendered":"<p>[et_pb_section fb_built=&raquo;1&#8243; theme_builder_area=&raquo;post_content&raquo; _builder_version=&raquo;4.27.4&#8243; _module_preset=&raquo;default&raquo;][et_pb_row _builder_version=&raquo;4.27.4&#8243; _module_preset=&raquo;default&raquo; theme_builder_area=&raquo;post_content&raquo;][et_pb_column _builder_version=&raquo;4.27.4&#8243; _module_preset=&raquo;default&raquo; type=&raquo;4_4&#8243; theme_builder_area=&raquo;post_content&raquo;][et_pb_blog _builder_version=&raquo;4.27.4&#8243; _module_preset=&raquo;default&raquo; theme_builder_area=&raquo;post_content&raquo; fullwidth=&raquo;off&raquo; hover_enabled=&raquo;0&#8243; sticky_enabled=&raquo;0&#8243;][\/et_pb_blog][\/et_pb_column][\/et_pb_row][\/et_pb_section]<\/p>\n","protected":false},"author":3,"featured_media":0,"parent":0,"menu_order":0,"comment_status":"closed","ping_status":"closed","template":"","meta":{"_breakdance_hide_in_design_set":false,"_breakdance_tags":"","footnotes":""},"class_list":["post-18479","page","type-page","status-publish","hentry"],"_links":{"self":[{"href":"https:\/\/vossgass.no\/en\/wp-json\/wp\/v2\/pages\/18479","targetHints":{"allow":["GET"]}}],"collection":[{"href":"https:\/\/vossgass.no\/en\/wp-json\/wp\/v2\/pages"}],"about":[{"href":"https:\/\/vossgass.no\/en\/wp-json\/wp\/v2\/types\/page"}],"author":[{"embeddable":true,"href":"https:\/\/vossgass.no\/en\/wp-json\/wp\/v2\/users\/3"}],"replies":[{"embeddable":true,"href":"https:\/\/vossgass.no\/en\/wp-json\/wp\/v2\/comments?post=18479"}],"version-history":[{"count":5,"href":"https:\/\/vossgass.no\/en\/wp-json\/wp\/v2\/pages\/18479\/revisions"}],"predecessor-version":[{"id":19721,"href":"https:\/\/vossgass.no\/en\/wp-json\/wp\/v2\/pages\/18479\/revisions\/19721"}],"wp:attachment":[{"href":"https:\/\/vossgass.no\/en\/wp-json\/wp\/v2\/media?parent=18479"}],"curies":[{"name":"wp","href":"https:\/\/api.w.org\/{rel}","templated":true}]}}