{"id":14339,"date":"2024-10-07T13:52:26","date_gmt":"2024-10-07T11:52:26","guid":{"rendered":"https:\/\/new.vossgass.no\/?page_id=14339"},"modified":"2025-10-09T10:14:21","modified_gmt":"2025-10-09T08:14:21","slug":"vare-propanautomater","status":"publish","type":"page","link":"https:\/\/vossgass.no\/en\/vare-propanautomater\/","title":{"rendered":"Vare propanautomater"},"content":{"rendered":"<p>[et_pb_section fb_built=&raquo;1&#8243; _builder_version=&raquo;4.27.2&#8243; _module_preset=&raquo;default&raquo; global_colors_info=&raquo;{}&raquo;][et_pb_row column_structure=&raquo;1_2,1_2&#8243; _builder_version=&raquo;4.27.2&#8243; _module_preset=&raquo;default&raquo; global_colors_info=&raquo;{}&raquo;][et_pb_column type=&raquo;1_2&#8243; _builder_version=&raquo;4.27.2&#8243; _module_preset=&raquo;default&raquo; global_colors_info=&raquo;{}&raquo;][et_pb_text _builder_version=&raquo;4.27.2&#8243; _module_preset=&raquo;default&raquo; text_font=&raquo;|||on|||||&raquo; text_text_color=&raquo;#000000&#8243; text_font_size=&raquo;20px&raquo; global_colors_info=&raquo;{}&raquo;]<\/p>\n<p>V\u00e5re propanautomater finn du her:<\/p>\n<p>[\/et_pb_text][\/et_pb_column][et_pb_column type=&raquo;1_2&#8243; _builder_version=&raquo;4.27.2&#8243; _module_preset=&raquo;default&raquo; global_colors_info=&raquo;{}&raquo;][et_pb_text _builder_version=&raquo;4.27.4&#8243; _module_preset=&raquo;default&raquo; text_text_color=&raquo;#000000&#8243; text_font_size=&raquo;16px&raquo; custom_padding=&raquo;||||false|false&raquo; hover_enabled=&raquo;0&#8243; locked=&raquo;off&raquo; global_colors_info=&raquo;{}&raquo; sticky_enabled=&raquo;0&#8243;]<\/p>\n<h3>Sj\u00e5 video for korleis du skal bytte flaske p\u00e5 automatene v\u00e5re.<\/h3>\n<p>[\/et_pb_text][\/et_pb_column][\/et_pb_row][et_pb_row column_structure=&raquo;1_2,1_2&#8243; _builder_version=&raquo;4.27.2&#8243; _module_preset=&raquo;default&raquo; custom_margin=&raquo;||||false|false&raquo; custom_padding=&raquo;0px||||false|false&raquo; global_colors_info=&raquo;{}&raquo;][et_pb_column type=&raquo;1_2&#8243; _builder_version=&raquo;4.27.2&#8243; _module_preset=&raquo;default&raquo; global_colors_info=&raquo;{}&raquo;][et_pb_text _builder_version=&raquo;4.27.2&#8243; _module_preset=&raquo;default&raquo; global_colors_info=&raquo;{}&raquo;]<\/p>\n<p><a class=\"external_link\" href=\"https:\/\/maps.app.goo.gl\/BgGzWiYCc4YkndoU6\" rel=\"noopener noreferrer\" target=\"_blank\"><strong>EIDFJORD<\/strong><\/a><span>\u00a0<\/span>v\/Eidfjordvegen 247, 5783 Eidfjord, Norway<\/p>\n<p><a class=\"external_link\" href=\"https:\/\/maps.app.goo.gl\/z8h95WmDxZtLjdPCA\" rel=\"noopener noreferrer\" target=\"_blank\"><strong>EIKELANDSOSEN<\/strong><\/a><span>\u00a0<\/span>v\/Fjord`n senter, Leiro 25, 5640 Eikelandsosen, Norway<\/p>\n<p><a class=\"external_link\" href=\"https:\/\/maps.app.goo.gl\/KQhgz1HK98DXwCMYA\" rel=\"noopener noreferrer\" target=\"_blank\"><strong>KVAMSKOGEN<\/strong><\/a><span>\u00a0<\/span>v\/Naf Kro &amp; Camping, Kvamskogen, 5600 Norheimsund, Norway<\/p>\n<p><a class=\"external_link\" href=\"https:\/\/maps.app.goo.gl\/38Tzinb8cnciu7NK6\" rel=\"noopener noreferrer\" target=\"_blank\"><strong>SKULESTADMO<\/strong><\/a><span>\u00a0<\/span>v\/Rema 1000, Strandavegen 335, 5710 Skulestadmo, Norway<\/p>\n<p><a class=\"external_link\" href=\"https:\/\/maps.app.goo.gl\/ka9hmUfm1Ce5ssG49\" rel=\"noopener noreferrer\" target=\"_blank\"><strong>SKULESTADMO<\/strong><\/a><span>\u00a0<\/span>v\/Voss Gass AS, Strandavegen 169, 5710 Skulestadmo, Norway<\/p>\n<p><a class=\"external_link\" href=\"https:\/\/maps.app.goo.gl\/Qw9zSh7TbCPn2Cr5A\" rel=\"noopener noreferrer\" target=\"_blank\"><strong>STRANDEBARM<\/strong><\/a><span>\u00a0<\/span>v\/Coop Marked, Tanger\u00e5shagen 5, 5630 Strandebarm, Norway<\/p>\n<p><a class=\"external_link\" href=\"https:\/\/maps.app.goo.gl\/rVKkZmmqbzofsbCt6\" rel=\"noopener noreferrer\" target=\"_blank\"><strong>VOSS<\/strong><\/a><span>\u00a0<\/span>v\/Amfi Voss, Hardangervegen 25, 5705 Voss, Norway<\/p>\n<p><a class=\"external_link\" href=\"https:\/\/maps.app.goo.gl\/9vdPhUrE5k5KaCP3A\" rel=\"noopener noreferrer\" target=\"_blank\"><strong>VOSSESTRAND<\/strong><\/a><span>\u00a0<\/span>v\/Joker, Myrkdalsvegen 3, 5713 Vossestrand, Norway<\/p>\n<p><a class=\"external_link\" href=\"https:\/\/maps.app.goo.gl\/Xai3SssHsX6FeeuK9\" rel=\"noopener noreferrer\" target=\"_blank\"><strong>\u00d8YSTESE<\/strong><\/a><span>\u00a0<\/span>v\/Gules Mek, Hardangerfjordvegen 569, 5610 \u00d8ystese, Norway<\/p>\n<p>[\/et_pb_text][\/et_pb_column][et_pb_column type=&raquo;1_2&#8243; _builder_version=&raquo;4.27.2&#8243; _module_preset=&raquo;default&raquo; global_colors_info=&raquo;{}&raquo;][et_pb_video src=&raquo;https:\/\/www.youtube.com\/watch?v=1vx7Xiec_Pg&raquo; _builder_version=&raquo;4.27.2&#8243; _module_preset=&raquo;default&raquo; custom_margin=&raquo;-22px||||false|false&raquo; global_colors_info=&raquo;{}&raquo;][\/et_pb_video][\/et_pb_column][\/et_pb_row][\/et_pb_section]<\/p>\n","protected":false},"excerpt":{"rendered":"<p>[et_pb_section fb_built=&raquo;1&#8243; _builder_version=&raquo;4.27.2&#8243; _module_preset=&raquo;default&raquo; global_colors_info=&raquo;{}&raquo;][et_pb_row column_structure=&raquo;1_2,1_2&#8243; _builder_version=&raquo;4.27.2&#8243; _module_preset=&raquo;default&raquo; global_colors_info=&raquo;{}&raquo;][et_pb_column type=&raquo;1_2&#8243; _builder_version=&raquo;4.27.2&#8243; _module_preset=&raquo;default&raquo; global_colors_info=&raquo;{}&raquo;][et_pb_text _builder_version=&raquo;4.27.2&#8243; _module_preset=&raquo;default&raquo; text_font=&raquo;|||on|||||&raquo; text_text_color=&raquo;#000000&#8243; text_font_size=&raquo;20px&raquo; global_colors_info=&raquo;{}&raquo;] V\u00e5re propanautomater finn du her: [\/et_pb_text][\/et_pb_column][et_pb_column type=&raquo;1_2&#8243; _builder_version=&raquo;4.27.2&#8243; _module_preset=&raquo;default&raquo; global_colors_info=&raquo;{}&raquo;][et_pb_text _builder_version=&raquo;4.27.4&#8243; _module_preset=&raquo;default&raquo; text_text_color=&raquo;#000000&#8243; text_font_size=&raquo;16px&raquo; custom_padding=&raquo;||||false|false&raquo; hover_enabled=&raquo;0&#8243; locked=&raquo;off&raquo; global_colors_info=&raquo;{}&raquo; sticky_enabled=&raquo;0&#8243;] Sj\u00e5 video for korleis du skal bytte flaske p\u00e5 automatene v\u00e5re. [\/et_pb_text][\/et_pb_column][\/et_pb_row][et_pb_row column_structure=&raquo;1_2,1_2&#8243; _builder_version=&raquo;4.27.2&#8243; _module_preset=&raquo;default&raquo; custom_margin=&raquo;||||false|false&raquo; custom_padding=&raquo;0px||||false|false&raquo; [&hellip;]<\/p>\n","protected":false},"author":1,"featured_media":0,"parent":0,"menu_order":0,"comment_status":"closed","ping_status":"closed","template":"","meta":{"_breakdance_hide_in_design_set":false,"_breakdance_tags":"","footnotes":""},"class_list":["post-14339","page","type-page","status-publish","hentry"],"_links":{"self":[{"href":"https:\/\/vossgass.no\/en\/wp-json\/wp\/v2\/pages\/14339","targetHints":{"allow":["GET"]}}],"collection":[{"href":"https:\/\/vossgass.no\/en\/wp-json\/wp\/v2\/pages"}],"about":[{"href":"https:\/\/vossgass.no\/en\/wp-json\/wp\/v2\/types\/page"}],"author":[{"embeddable":true,"href":"https:\/\/vossgass.no\/en\/wp-json\/wp\/v2\/users\/1"}],"replies":[{"embeddable":true,"href":"https:\/\/vossgass.no\/en\/wp-json\/wp\/v2\/comments?post=14339"}],"version-history":[{"count":5,"href":"https:\/\/vossgass.no\/en\/wp-json\/wp\/v2\/pages\/14339\/revisions"}],"predecessor-version":[{"id":18959,"href":"https:\/\/vossgass.no\/en\/wp-json\/wp\/v2\/pages\/14339\/revisions\/18959"}],"wp:attachment":[{"href":"https:\/\/vossgass.no\/en\/wp-json\/wp\/v2\/media?parent=14339"}],"curies":[{"name":"wp","href":"https:\/\/api.w.org\/{rel}","templated":true}]}}