{"id":14328,"date":"2024-10-04T14:28:25","date_gmt":"2024-10-04T12:28:25","guid":{"rendered":"https:\/\/new.vossgass.no\/?page_id=14328"},"modified":"2025-04-16T08:31:15","modified_gmt":"2025-04-16T06:31:15","slug":"gassteknikar","status":"publish","type":"page","link":"https:\/\/vossgass.no\/en\/gassteknikar\/","title":{"rendered":"Gassteknikar"},"content":{"rendered":"<p>[et_pb_section fb_built=&raquo;1&#8243; _builder_version=&raquo;4.27.2&#8243; _module_preset=&raquo;default&raquo; global_colors_info=&raquo;{}&raquo;][et_pb_row _builder_version=&raquo;4.27.2&#8243; _module_preset=&raquo;default&raquo; custom_margin=&raquo;||||false|false&raquo; custom_padding=&raquo;0px||||false|false&raquo; global_colors_info=&raquo;{}&raquo;][et_pb_column type=&raquo;4_4&#8243; _builder_version=&raquo;4.27.2&#8243; _module_preset=&raquo;default&raquo; global_colors_info=&raquo;{}&raquo;][et_pb_heading title=&raquo;V\u00e5r gassteknikar kan hjelpe deg!&raquo; _builder_version=&raquo;4.27.2&#8243; _module_preset=&raquo;default&raquo; global_colors_info=&raquo;{}&raquo;][\/et_pb_heading][\/et_pb_column][\/et_pb_row][et_pb_row column_structure=&raquo;2_3,1_3&#8243; _builder_version=&raquo;4.27.2&#8243; _module_preset=&raquo;default&raquo; custom_padding=&raquo;0px||||false|false&raquo; global_colors_info=&raquo;{}&raquo;][et_pb_column type=&raquo;2_3&#8243; _builder_version=&raquo;4.27.2&#8243; _module_preset=&raquo;default&raquo; global_colors_info=&raquo;{}&raquo;][et_pb_text _builder_version=&raquo;4.27.4&#8243; _module_preset=&raquo;default&raquo; text_text_color=&raquo;#000000&#8243; global_colors_info=&raquo;{}&raquo;]<\/p>\n<p><strong>Brukar du PROPAN heime, p\u00e5 hytta, campingen eller p\u00e5 jobb?<\/strong><\/p>\n<p>D\u00e5 m\u00e5 du hugsa \u00e5 sjekka slanger og regulator jamnleg! Slangar b\u00f8r byttast kvar 3.\u20135. \u00e5r.<\/p>\n<ul>\n<li>Som eigar er du sj\u00f8lv ansvarleg for dette.<\/li>\n<li>Er du privatperson, kan du velja sj\u00f8lv kor ofte du vil sjekka.<\/li>\n<li>For bedrifter er det p\u00e5lagt med kontroll og dokumentasjon kvart \u00e5r.<\/li>\n<\/ul>\n<p><strong>Voss Gass AS har\u00a0 eigen gassteknikar<\/strong>\u00a0og tilbyr b\u00e5de kontroll og oppdatering av gassanlegget eller utstyret ditt.<\/p>\n<p>Nokon gonger trengs berre ein kontroll, andre gonger m\u00e5 ein bytta slange, regulator, dyse, flammevakt, eller kanskje berre ta ein rens.<\/p>\n<p>Me kan ta faste \u00e5rskontroller eller komma n\u00e5r du har behov for det. Alternativt kan du levera inn utstyret ditt hj\u00e5 oss for kontroll, reparasjon eller vedlikehald.<\/p>\n<p>&nbsp;<\/p>\n<p><strong>Me utf\u00f8rer enkel montering, reparasjon og service p\u00e5 fylgjande produkt:<\/strong><\/p>\n<ul>\n<li>Jets \u2013 enkel service og reservedeler.<\/li>\n<li>Cinderella \u2013 montering, service og reservedeler.<\/li>\n<li>Solcelleanlegg \u2013 montering, reservedeler.<\/li>\n<li>Gasskj\u00f8leskap \u2013 service, reparasjon, reservedeler.<\/li>\n<li>Gasskomfyr \u2013 service, reparasjon, reservedeler.<\/li>\n<li>Wallas \u2013 montering, service, reservedeler.<\/li>\n<li>Storkj\u00f8kken(gass) \u2013 service, reparasjon, reservedeler.<\/li>\n<\/ul>\n<p>&nbsp;<\/p>\n<p><strong>Velg trygghet med Voss Gass AS<\/strong>, medlem av LPG Gruppen \u2013 den landsdekkande faghandelkjeda for kvalitetsbevisste LPG-stasjonar.<\/p>\n<p>[\/et_pb_text][et_pb_image src=&raquo;https:\/\/vossgass.no\/wp-content\/uploads\/2024\/10\/LPGgruppen-logo-vs4-pos.jpg&raquo; title_text=&raquo;LPGgruppen-logo-vs4-pos&raquo; _builder_version=&raquo;4.27.2&#8243; _module_preset=&raquo;default&raquo; width=&raquo;35%&raquo; global_colors_info=&raquo;{}&raquo;][\/et_pb_image][\/et_pb_column][et_pb_column type=&raquo;1_3&#8243; _builder_version=&raquo;4.27.2&#8243; _module_preset=&raquo;default&raquo; global_colors_info=&raquo;{}&raquo;][et_pb_contact_form use_spam_service=&raquo;on&raquo; recaptcha_list=&raquo;vossgassno|vossgassno-0&#8243; email=&raquo;post@vossgass.no&raquo; custom_message=&raquo;Her kommer en henvendelse fra %22Gasstekniker%22 kontaktskjema.||et_pb_line_break_holder||||et_pb_line_break_holder||%%name%% ||et_pb_line_break_holder||%%email%%||et_pb_line_break_holder||||et_pb_line_break_holder||%%henvendelse%%||et_pb_line_break_holder||||et_pb_line_break_holder||%%message%%&raquo; _builder_version=&raquo;4.27.4&#8243; _module_preset=&raquo;default&raquo; _unique_id=&raquo;779d4017-f7a3-4d23-8b8e-48acc71d36ae&raquo; hover_enabled=&raquo;0&#8243; global_colors_info=&raquo;{}&raquo; sticky_enabled=&raquo;0&#8243;][et_pb_contact_field field_id=&raquo;Name&raquo; field_title=&raquo;Navn&raquo; _builder_version=&raquo;4.16&#8243; global_colors_info=&raquo;{}&raquo; button_text_size__hover_enabled=&raquo;off&raquo; button_one_text_size__hover_enabled=&raquo;off&raquo; button_two_text_size__hover_enabled=&raquo;off&raquo; button_text_color__hover_enabled=&raquo;off&raquo; button_one_text_color__hover_enabled=&raquo;off&raquo; button_two_text_color__hover_enabled=&raquo;off&raquo; button_border_width__hover_enabled=&raquo;off&raquo; button_one_border_width__hover_enabled=&raquo;off&raquo; button_two_border_width__hover_enabled=&raquo;off&raquo; button_border_color__hover_enabled=&raquo;off&raquo; button_one_border_color__hover_enabled=&raquo;off&raquo; button_two_border_color__hover_enabled=&raquo;off&raquo; button_border_radius__hover_enabled=&raquo;off&raquo; button_one_border_radius__hover_enabled=&raquo;off&raquo; button_two_border_radius__hover_enabled=&raquo;off&raquo; button_letter_spacing__hover_enabled=&raquo;off&raquo; button_one_letter_spacing__hover_enabled=&raquo;off&raquo; button_two_letter_spacing__hover_enabled=&raquo;off&raquo; button_bg_color__hover_enabled=&raquo;off&raquo; button_one_bg_color__hover_enabled=&raquo;off&raquo; button_two_bg_color__hover_enabled=&raquo;off&raquo;][\/et_pb_contact_field][et_pb_contact_field field_id=&raquo;Email&raquo; field_title=&raquo;E-postadresse&raquo; field_type=&raquo;email&raquo; _builder_version=&raquo;4.16&#8243; global_colors_info=&raquo;{}&raquo; button_text_size__hover_enabled=&raquo;off&raquo; button_one_text_size__hover_enabled=&raquo;off&raquo; button_two_text_size__hover_enabled=&raquo;off&raquo; button_text_color__hover_enabled=&raquo;off&raquo; button_one_text_color__hover_enabled=&raquo;off&raquo; button_two_text_color__hover_enabled=&raquo;off&raquo; button_border_width__hover_enabled=&raquo;off&raquo; button_one_border_width__hover_enabled=&raquo;off&raquo; button_two_border_width__hover_enabled=&raquo;off&raquo; button_border_color__hover_enabled=&raquo;off&raquo; button_one_border_color__hover_enabled=&raquo;off&raquo; button_two_border_color__hover_enabled=&raquo;off&raquo; button_border_radius__hover_enabled=&raquo;off&raquo; button_one_border_radius__hover_enabled=&raquo;off&raquo; button_two_border_radius__hover_enabled=&raquo;off&raquo; button_letter_spacing__hover_enabled=&raquo;off&raquo; button_one_letter_spacing__hover_enabled=&raquo;off&raquo; button_two_letter_spacing__hover_enabled=&raquo;off&raquo; button_bg_color__hover_enabled=&raquo;off&raquo; button_one_bg_color__hover_enabled=&raquo;off&raquo; button_two_bg_color__hover_enabled=&raquo;off&raquo;][\/et_pb_contact_field][et_pb_contact_field field_id=&raquo;beskrivelse&raquo; field_title=&raquo;Kva treng du hjelp med?&raquo; fullwidth_field=&raquo;on&raquo; _builder_version=&raquo;4.27.2&#8243; _module_preset=&raquo;default&raquo; global_colors_info=&raquo;{}&raquo;][\/et_pb_contact_field][et_pb_contact_field field_id=&raquo;Message&raquo; field_title=&raquo;Melding&raquo; field_type=&raquo;text&raquo; fullwidth_field=&raquo;on&raquo; _builder_version=&raquo;4.16&#8243; global_colors_info=&raquo;{}&raquo; button_text_size__hover_enabled=&raquo;off&raquo; button_one_text_size__hover_enabled=&raquo;off&raquo; button_two_text_size__hover_enabled=&raquo;off&raquo; button_text_color__hover_enabled=&raquo;off&raquo; button_one_text_color__hover_enabled=&raquo;off&raquo; button_two_text_color__hover_enabled=&raquo;off&raquo; button_border_width__hover_enabled=&raquo;off&raquo; button_one_border_width__hover_enabled=&raquo;off&raquo; button_two_border_width__hover_enabled=&raquo;off&raquo; button_border_color__hover_enabled=&raquo;off&raquo; button_one_border_color__hover_enabled=&raquo;off&raquo; button_two_border_color__hover_enabled=&raquo;off&raquo; button_border_radius__hover_enabled=&raquo;off&raquo; button_one_border_radius__hover_enabled=&raquo;off&raquo; button_two_border_radius__hover_enabled=&raquo;off&raquo; button_letter_spacing__hover_enabled=&raquo;off&raquo; button_one_letter_spacing__hover_enabled=&raquo;off&raquo; button_two_letter_spacing__hover_enabled=&raquo;off&raquo; button_bg_color__hover_enabled=&raquo;off&raquo; button_one_bg_color__hover_enabled=&raquo;off&raquo; button_two_bg_color__hover_enabled=&raquo;off&raquo;][\/et_pb_contact_field][\/et_pb_contact_form][\/et_pb_column][\/et_pb_row][\/et_pb_section]<\/p>\n","protected":false},"excerpt":{"rendered":"<p>[et_pb_section fb_built=&raquo;1&#8243; _builder_version=&raquo;4.27.2&#8243; _module_preset=&raquo;default&raquo; global_colors_info=&raquo;{}&raquo;][et_pb_row _builder_version=&raquo;4.27.2&#8243; _module_preset=&raquo;default&raquo; custom_margin=&raquo;||||false|false&raquo; custom_padding=&raquo;0px||||false|false&raquo; global_colors_info=&raquo;{}&raquo;][et_pb_column type=&raquo;4_4&#8243; _builder_version=&raquo;4.27.2&#8243; _module_preset=&raquo;default&raquo; global_colors_info=&raquo;{}&raquo;][et_pb_heading title=&raquo;V\u00e5r gassteknikar kan hjelpe deg!&raquo; _builder_version=&raquo;4.27.2&#8243; _module_preset=&raquo;default&raquo; global_colors_info=&raquo;{}&raquo;][\/et_pb_heading][\/et_pb_column][\/et_pb_row][et_pb_row column_structure=&raquo;2_3,1_3&#8243; _builder_version=&raquo;4.27.2&#8243; _module_preset=&raquo;default&raquo; custom_padding=&raquo;0px||||false|false&raquo; global_colors_info=&raquo;{}&raquo;][et_pb_column type=&raquo;2_3&#8243; _builder_version=&raquo;4.27.2&#8243; _module_preset=&raquo;default&raquo; global_colors_info=&raquo;{}&raquo;][et_pb_text _builder_version=&raquo;4.27.4&#8243; _module_preset=&raquo;default&raquo; text_text_color=&raquo;#000000&#8243; global_colors_info=&raquo;{}&raquo;] Brukar du PROPAN heime, p\u00e5 hytta, campingen eller p\u00e5 jobb? D\u00e5 m\u00e5 du hugsa \u00e5 sjekka slanger og regulator jamnleg! [&hellip;]<\/p>\n","protected":false},"author":1,"featured_media":0,"parent":0,"menu_order":0,"comment_status":"closed","ping_status":"closed","template":"","meta":{"_breakdance_hide_in_design_set":false,"_breakdance_tags":"","footnotes":""},"class_list":["post-14328","page","type-page","status-publish","hentry"],"_links":{"self":[{"href":"https:\/\/vossgass.no\/en\/wp-json\/wp\/v2\/pages\/14328","targetHints":{"allow":["GET"]}}],"collection":[{"href":"https:\/\/vossgass.no\/en\/wp-json\/wp\/v2\/pages"}],"about":[{"href":"https:\/\/vossgass.no\/en\/wp-json\/wp\/v2\/types\/page"}],"author":[{"embeddable":true,"href":"https:\/\/vossgass.no\/en\/wp-json\/wp\/v2\/users\/1"}],"replies":[{"embeddable":true,"href":"https:\/\/vossgass.no\/en\/wp-json\/wp\/v2\/comments?post=14328"}],"version-history":[{"count":5,"href":"https:\/\/vossgass.no\/en\/wp-json\/wp\/v2\/pages\/14328\/revisions"}],"predecessor-version":[{"id":18030,"href":"https:\/\/vossgass.no\/en\/wp-json\/wp\/v2\/pages\/14328\/revisions\/18030"}],"wp:attachment":[{"href":"https:\/\/vossgass.no\/en\/wp-json\/wp\/v2\/media?parent=14328"}],"curies":[{"name":"wp","href":"https:\/\/api.w.org\/{rel}","templated":true}]}}